{"id":3365,"date":"2021-03-12T13:15:25","date_gmt":"2021-03-12T12:15:25","guid":{"rendered":"https:\/\/reuth.de\/co2-neutral\/"},"modified":"2025-12-02T13:48:05","modified_gmt":"2025-12-02T12:48:05","slug":"co2-neutral","status":"publish","type":"page","link":"https:\/\/reuth.de\/en\/co2-neutral\/","title":{"rendered":"CO2-neutral"},"content":{"rendered":"<div class=\"wpb-content-wrapper\"><p>[vc_row css_animation=&#8221;&#8221; row_type=&#8221;row&#8221; use_row_as_full_screen_section=&#8221;no&#8221; type=&#8221;full_width&#8221; angled_section=&#8221;no&#8221; text_align=&#8221;left&#8221; background_image_as_pattern=&#8221;without_pattern&#8221; el_class=&#8221;backgroundwhite&#8221; css=&#8221;.vc_custom_1615554225768{padding-top: 60px !important;padding-bottom: 60px !important;}&#8221; z_index=&#8221;&#8221;][vc_column width=&#8221;1\/4&#8243;][vc_empty_space height=&#8221;30px&#8221;][\/vc_column][vc_column width=&#8221;1\/2&#8243;][vc_column_text css=&#8221;.vc_custom_1690806452897{padding-top: 20px !important;}&#8221;]<\/p>\n<h1>Reuth GmbH: Committed to climate neutrality and sustainability<\/h1>\n<p>[\/vc_column_text][vc_empty_space height=&#8221;20px&#8221;][vc_column_text]At Reuth, we have been working tirelessly on our processes and procedures for many years in order to be a reliable and efficient partner for our customers. In doing so, we always keep an eye on the economic requirements of the international competitive environment.<\/p>\n<p>&nbsp;<\/p>\n<p>At the same time, we take the ecological challenges of our time seriously: &#8220;One does not exclude the other&#8221; &#8211; for us, economy and ecology go hand in hand.<\/p>\n<p>&nbsp;<\/p>\n<p>We believe that the change towards more sustainability starts with each individual. As a company, we want to play a pioneering role and actively contribute to climate protection through both small and large-scale measures.<\/p>\n<p>&nbsp;<\/p>\n<p>With our intelligent solutions, we have repeatedly managed to cut costs and reduce CO2 emissions at the same time. In this way, we improve our competitiveness and at the same time leave a climate-neutral footprint for future generations. At Reuth, we call this sustainable action.[\/vc_column_text][\/vc_column][vc_column width=&#8221;1\/4&#8243;][vc_empty_space height=&#8221;30px&#8221;][\/vc_column][\/vc_row][vc_row css_animation=&#8221;&#8221; row_type=&#8221;row&#8221; use_row_as_full_screen_section=&#8221;no&#8221; type=&#8221;grid&#8221; angled_section=&#8221;no&#8221; text_align=&#8221;left&#8221; background_image_as_pattern=&#8221;without_pattern&#8221; background_color=&#8221;#c4c4c4&#8243; padding_top=&#8221;119&#8243; padding_bottom=&#8221;87&#8243; z_index=&#8221;&#8221; css=&#8221;.vc_custom_1615553230480{background-color: #ffffff !important;}&#8221; el_class=&#8221;backgroundblack&#8221;][vc_column offset=&#8221;vc_col-md-6&#8243;][vc_empty_space height=&#8221;150px&#8221;][vc_column_text]<\/p>\n<h1>Our strategy for climate neutrality<\/h1>\n<p>[\/vc_column_text][vc_empty_space height=&#8221;20px&#8221;][vc_column_text css=&#8221;.vc_custom_1690806609761{padding-right: 20px !important;}&#8221;]Climate neutrality is an ongoing challenge that constantly inspires us to initiate change. With the support of &#8220;Geht doch&#8221; Helmut Frorath (www.frorath.com) from Neuss, we have precisely determined and analyzed our own CO2 footprint. We have examined the following aspects in detail in order to transform ourselves step by step into a climate-neutral company:[\/vc_column_text][vc_column_text css=&#8221;.vc_custom_1690806627646{padding-top: 1em !important;padding-left: 2em !important;}&#8221;]<\/p>\n<ul>\n<li>Electricity consumption of our production facilities<\/li>\n<li>Energy consumption of all other consumers<\/li>\n<li>Gas and water consumption<\/li>\n<li>Waste quantities<\/li>\n<li>Packaging material<\/li>\n<li>Kilometers traveled on all business trips by train and car<\/li>\n<li>Employees&#8217; routes to work<\/li>\n<li>Number of letters and parcels sent<\/li>\n<li>Office supplies<\/li>\n<li>Paper consumption<\/li>\n<\/ul>\n<p>[\/vc_column_text][\/vc_column][vc_column offset=&#8221;vc_col-md-6&#8243;][vc_separator type=&#8221;transparent&#8221; up=&#8221;-18&#8243;][vc_single_image image=&#8221;3923&#8243; img_size=&#8221;large&#8221; css=&#8221;.vc_custom_1764679683098{padding-top: 40px !important;padding-right: 20px !important;padding-bottom: 40px !important;}&#8221; qode_css_animation=&#8221;&#8221;]<a  itemprop=\"url\" href=\"https:\/\/reuth.de\/wp-content\/uploads\/2025\/12\/25_Urkunde_CO2_Reuth_GmbH-1.pdf\" target=\"_blank\"  class=\"qbutton  center default\" style=\"\">Download certificate<\/a>[vc_separator type=&#8221;small&#8221; position=&#8221;left&#8221; color=&#8221;#fab012&#8243; thickness=&#8221;4&#8243; width=&#8221;48&#8243; up=&#8221;17&#8243; down=&#8221;27&#8243;][vc_empty_space height=&#8221;30px&#8221;][\/vc_column][\/vc_row][vc_row css_animation=&#8221;&#8221; row_type=&#8221;row&#8221; use_row_as_full_screen_section=&#8221;no&#8221; type=&#8221;grid&#8221; angled_section=&#8221;no&#8221; text_align=&#8221;left&#8221; background_image_as_pattern=&#8221;without_pattern&#8221; background_color=&#8221;#f5f5f5&#8243; padding_top=&#8221;60&#8243; padding_bottom=&#8221;60&#8243; z_index=&#8221;&#8221; css=&#8221;.vc_custom_1615553021993{background-color: #ffffff !important;}&#8221;][vc_column offset=&#8221;vc_col-md-6&#8243;][vc_column_text css=&#8221;.vc_custom_1690806678658{padding-bottom: 40px !important;}&#8221;]<\/p>\n<h2>Measures implemented for climate protection<\/h2>\n<p>[\/vc_column_text][vc_empty_space height=&#8221;20px&#8221;][vc_column_text]Our aim is to keep our CO2 footprint as small as possible. The carbon footprint quantifies the amount of CO2 emissions that a company produces each year.<\/p>\n<p>&nbsp;<\/p>\n<p>In order to make our contribution to climate protection and achieve climate neutrality, we have launched a number of projects and initiatives. These measures include both major steps and smaller adjustments:[\/vc_column_text][vc_empty_space height=&#8221;30px&#8221;][vc_row_inner row_type=&#8221;row&#8221; type=&#8221;full_width&#8221; text_align=&#8221;left&#8221; padding_top=&#8221;20&#8243; padding_bottom=&#8221;20&#8243; css_animation=&#8221;&#8221;][vc_column_inner width=&#8221;1\/6&#8243;][\/vc_column_inner][vc_column_inner width=&#8221;2\/3&#8243;]<a  itemprop=\"url\" href=\"https:\/\/reuth.de\/wp-content\/uploads\/2023\/04\/Bericht_Treibhausgasbilanz_ReuthGmbH_2022.pdf\" target=\"_blank\" data-hover-color=#bababa class=\"qbutton  center default\" style=\"\">Download greenhouse gas balance report<\/a>[vc_separator type=&#8221;small&#8221; position=&#8221;center&#8221; color=&#8221;#fab012&#8243; thickness=&#8221;4&#8243; width=&#8221;48&#8243; up=&#8221;17&#8243; down=&#8221;27&#8243;][\/vc_column_inner][vc_column_inner width=&#8221;1\/6&#8243;][\/vc_column_inner][\/vc_row_inner][vc_empty_space height=&#8221;50px&#8221;][vc_single_image image=&#8221;3303&#8243; img_size=&#8221;medium&#8221; alignment=&#8221;center&#8221; qode_css_animation=&#8221;&#8221;][\/vc_column][vc_column offset=&#8221;vc_col-md-6&#8243;][vc_column_text css=&#8221;.vc_custom_1615553039978{padding-bottom: 20px !important;}&#8221;]<\/p>\n<h2>Specifically:<\/h2>\n<p>[\/vc_column_text][vc_column_text]- Purchase of green electricity from renewable sources<br \/>\n&#8211; Complete switch to LED lighting<br \/>\n&#8211; Overhaul of the compressed air network and switch to frequency-controlled compressors<br \/>\n&#8211; Purchase of production facilities with reduced electricity requirements<br \/>\n&#8211; Use of heat recovery in our machines and facilities<br \/>\n&#8211; Jobrad-use by 40% of our employees<br \/>\n&#8211; Reuse of packaging materials<br \/>\n&#8211; Switch to fully recyclable packaging<br \/>\n&#8211; Reduction in paper consumption by 55% in the last 4 years<br \/>\n&#8211; Filtering of machine emissions (oil mist)<br \/>\n&#8211; Minimization of business travel through increased online presence<\/p>\n<p>&nbsp;<\/p>\n<p>Despite all our efforts, Reuth GmbH still generates CO2 emissions. To offset this, we purchase CO2 certificates from the &#8220;Baum Invest AG&#8221; forestry project (gold standard climate protection project). That is why we are proud to have been climate-neutral since this year.<\/p>\n<p>&nbsp;<\/p>\n<p>We firmly believe that we can make a difference together through sustainable development and transformation. We are therefore particularly pleased that we were certified as a climate-neutral company on March 10, 2021.[\/vc_column_text][vc_separator type=&#8221;small&#8221; position=&#8221;left&#8221; color=&#8221;#fab012&#8243; thickness=&#8221;4&#8243; width=&#8221;48&#8243; up=&#8221;17&#8243; down=&#8221;27&#8243;][vc_empty_space height=&#8221;30px&#8221;][\/vc_column][\/vc_row]<\/p>\n<\/div>","protected":false},"excerpt":{"rendered":"<p>[vc_row css_animation=&#8221;&#8221; row_type=&#8221;row&#8221; use_row_as_full_screen_section=&#8221;no&#8221; type=&#8221;full_width&#8221; angled_section=&#8221;no&#8221; text_align=&#8221;left&#8221; background_image_as_pattern=&#8221;without_pattern&#8221; el_class=&#8221;backgroundwhite&#8221; css=&#8221;.vc_custom_1615554225768{padding-top: 60px !important;padding-bottom: 60px !important;}&#8221; z_index=&#8221;&#8221;][vc_column width=&#8221;1\/4&#8243;][vc_empty_space height=&#8221;30px&#8221;][\/vc_column][vc_column width=&#8221;1\/2&#8243;][vc_column_text css=&#8221;.vc_custom_1690806452897{padding-top: 20px !important;}&#8221;] Reuth GmbH: Committed to climate neutrality and sustainability [\/vc_column_text][vc_empty_space height=&#8221;20px&#8221;][vc_column_text]At Reuth, we have been working tirelessly on our processes and procedures for many years&#8230;<\/p>\n","protected":false},"author":3,"featured_media":0,"parent":0,"menu_order":0,"comment_status":"closed","ping_status":"closed","template":"full_width.php","meta":{"footnotes":""},"class_list":["post-3365","page","type-page","status-publish","hentry"],"yoast_head":"<!-- This site is optimized with the Yoast SEO Premium plugin v21.5 (Yoast SEO v27.5) - https:\/\/yoast.com\/product\/yoast-seo-premium-wordpress\/ -->\n<title>CO2-neutral - Reuth GmbH<\/title>\n<meta name=\"description\" content=\"Reuth GmbH - Probleml\u00f6ser f\u00fcr anspruchsvolle Aufgaben im Werkzeugbau, Formen- &amp; Sondermaschinenbau. Die High Tech Fertigung z\u00e4hlt dabei zu den Kernkompetenzen.\" \/>\n<meta name=\"robots\" content=\"index, follow, max-snippet:-1, max-image-preview:large, max-video-preview:-1\" \/>\n<link rel=\"canonical\" href=\"https:\/\/reuth.de\/en\/co2-neutral\/\" \/>\n<meta property=\"og:locale\" content=\"en_US\" \/>\n<meta property=\"og:type\" content=\"article\" \/>\n<meta property=\"og:title\" content=\"CO2-neutral\" \/>\n<meta property=\"og:description\" content=\"Reuth GmbH - Probleml\u00f6ser f\u00fcr anspruchsvolle Aufgaben im Werkzeugbau, Formen- &amp; Sondermaschinenbau. Die High Tech Fertigung z\u00e4hlt dabei zu den Kernkompetenzen.\" \/>\n<meta property=\"og:url\" content=\"https:\/\/reuth.de\/en\/co2-neutral\/\" \/>\n<meta property=\"og:site_name\" content=\"Reuth GmbH\" \/>\n<meta property=\"article:publisher\" content=\"https:\/\/www.facebook.com\/Reuth-GmbH-1007318092647062\/\" \/>\n<meta property=\"article:modified_time\" content=\"2025-12-02T12:48:05+00:00\" \/>\n<meta name=\"twitter:card\" content=\"summary_large_image\" \/>\n<meta name=\"twitter:label1\" content=\"Est. reading time\" \/>\n\t<meta name=\"twitter:data1\" content=\"4 minutes\" \/>\n<script type=\"application\/ld+json\" class=\"yoast-schema-graph\">{\"@context\":\"https:\\\/\\\/schema.org\",\"@graph\":[{\"@type\":\"WebPage\",\"@id\":\"https:\\\/\\\/reuth.de\\\/en\\\/co2-neutral\\\/\",\"url\":\"https:\\\/\\\/reuth.de\\\/en\\\/co2-neutral\\\/\",\"name\":\"CO2-neutral - Reuth GmbH\",\"isPartOf\":{\"@id\":\"https:\\\/\\\/reuth.de\\\/en\\\/#website\"},\"datePublished\":\"2021-03-12T12:15:25+00:00\",\"dateModified\":\"2025-12-02T12:48:05+00:00\",\"description\":\"Reuth GmbH - Probleml\u00f6ser f\u00fcr anspruchsvolle Aufgaben im Werkzeugbau, Formen- & Sondermaschinenbau. Die High Tech Fertigung z\u00e4hlt dabei zu den Kernkompetenzen.\",\"breadcrumb\":{\"@id\":\"https:\\\/\\\/reuth.de\\\/en\\\/co2-neutral\\\/#breadcrumb\"},\"inLanguage\":\"en-US\",\"potentialAction\":[{\"@type\":\"ReadAction\",\"target\":[\"https:\\\/\\\/reuth.de\\\/en\\\/co2-neutral\\\/\"]}]},{\"@type\":\"BreadcrumbList\",\"@id\":\"https:\\\/\\\/reuth.de\\\/en\\\/co2-neutral\\\/#breadcrumb\",\"itemListElement\":[{\"@type\":\"ListItem\",\"position\":1,\"name\":\"Home\",\"item\":\"https:\\\/\\\/reuth.de\\\/en\\\/\"},{\"@type\":\"ListItem\",\"position\":2,\"name\":\"CO2-neutral\"}]},{\"@type\":\"WebSite\",\"@id\":\"https:\\\/\\\/reuth.de\\\/en\\\/#website\",\"url\":\"https:\\\/\\\/reuth.de\\\/en\\\/\",\"name\":\"Reuth GmbH\",\"description\":\"Toolmaking, Mechanical Engineering, Moldmaking\",\"publisher\":{\"@id\":\"https:\\\/\\\/reuth.de\\\/en\\\/#organization\"},\"potentialAction\":[{\"@type\":\"SearchAction\",\"target\":{\"@type\":\"EntryPoint\",\"urlTemplate\":\"https:\\\/\\\/reuth.de\\\/en\\\/?s={search_term_string}\"},\"query-input\":{\"@type\":\"PropertyValueSpecification\",\"valueRequired\":true,\"valueName\":\"search_term_string\"}}],\"inLanguage\":\"en-US\"},{\"@type\":\"Organization\",\"@id\":\"https:\\\/\\\/reuth.de\\\/en\\\/#organization\",\"name\":\"Reuth GmbH\",\"url\":\"https:\\\/\\\/reuth.de\\\/en\\\/\",\"logo\":{\"@type\":\"ImageObject\",\"inLanguage\":\"en-US\",\"@id\":\"https:\\\/\\\/reuth.de\\\/en\\\/#\\\/schema\\\/logo\\\/image\\\/\",\"url\":\"https:\\\/\\\/reuth.de\\\/wp-content\\\/uploads\\\/2018\\\/06\\\/reuth-logo_mobile.png\",\"contentUrl\":\"https:\\\/\\\/reuth.de\\\/wp-content\\\/uploads\\\/2018\\\/06\\\/reuth-logo_mobile.png\",\"width\":150,\"height\":31,\"caption\":\"Reuth GmbH\"},\"image\":{\"@id\":\"https:\\\/\\\/reuth.de\\\/en\\\/#\\\/schema\\\/logo\\\/image\\\/\"},\"sameAs\":[\"https:\\\/\\\/www.facebook.com\\\/Reuth-GmbH-1007318092647062\\\/\",\"https:\\\/\\\/instagram.com\\\/reuth_gmbh?utm_source=ig_profile_share&amp;amp;amp;igshid=1iv2ell34osed\"]}]}<\/script>\n<!-- \/ Yoast SEO Premium plugin. -->","yoast_head_json":{"title":"CO2-neutral - Reuth GmbH","description":"Reuth GmbH - Probleml\u00f6ser f\u00fcr anspruchsvolle Aufgaben im Werkzeugbau, Formen- & Sondermaschinenbau. Die High Tech Fertigung z\u00e4hlt dabei zu den Kernkompetenzen.","robots":{"index":"index","follow":"follow","max-snippet":"max-snippet:-1","max-image-preview":"max-image-preview:large","max-video-preview":"max-video-preview:-1"},"canonical":"https:\/\/reuth.de\/en\/co2-neutral\/","og_locale":"en_US","og_type":"article","og_title":"CO2-neutral","og_description":"Reuth GmbH - Probleml\u00f6ser f\u00fcr anspruchsvolle Aufgaben im Werkzeugbau, Formen- & Sondermaschinenbau. Die High Tech Fertigung z\u00e4hlt dabei zu den Kernkompetenzen.","og_url":"https:\/\/reuth.de\/en\/co2-neutral\/","og_site_name":"Reuth GmbH","article_publisher":"https:\/\/www.facebook.com\/Reuth-GmbH-1007318092647062\/","article_modified_time":"2025-12-02T12:48:05+00:00","twitter_card":"summary_large_image","twitter_misc":{"Est. reading time":"4 minutes"},"schema":{"@context":"https:\/\/schema.org","@graph":[{"@type":"WebPage","@id":"https:\/\/reuth.de\/en\/co2-neutral\/","url":"https:\/\/reuth.de\/en\/co2-neutral\/","name":"CO2-neutral - Reuth GmbH","isPartOf":{"@id":"https:\/\/reuth.de\/en\/#website"},"datePublished":"2021-03-12T12:15:25+00:00","dateModified":"2025-12-02T12:48:05+00:00","description":"Reuth GmbH - Probleml\u00f6ser f\u00fcr anspruchsvolle Aufgaben im Werkzeugbau, Formen- & Sondermaschinenbau. Die High Tech Fertigung z\u00e4hlt dabei zu den Kernkompetenzen.","breadcrumb":{"@id":"https:\/\/reuth.de\/en\/co2-neutral\/#breadcrumb"},"inLanguage":"en-US","potentialAction":[{"@type":"ReadAction","target":["https:\/\/reuth.de\/en\/co2-neutral\/"]}]},{"@type":"BreadcrumbList","@id":"https:\/\/reuth.de\/en\/co2-neutral\/#breadcrumb","itemListElement":[{"@type":"ListItem","position":1,"name":"Home","item":"https:\/\/reuth.de\/en\/"},{"@type":"ListItem","position":2,"name":"CO2-neutral"}]},{"@type":"WebSite","@id":"https:\/\/reuth.de\/en\/#website","url":"https:\/\/reuth.de\/en\/","name":"Reuth GmbH","description":"Toolmaking, Mechanical Engineering, Moldmaking","publisher":{"@id":"https:\/\/reuth.de\/en\/#organization"},"potentialAction":[{"@type":"SearchAction","target":{"@type":"EntryPoint","urlTemplate":"https:\/\/reuth.de\/en\/?s={search_term_string}"},"query-input":{"@type":"PropertyValueSpecification","valueRequired":true,"valueName":"search_term_string"}}],"inLanguage":"en-US"},{"@type":"Organization","@id":"https:\/\/reuth.de\/en\/#organization","name":"Reuth GmbH","url":"https:\/\/reuth.de\/en\/","logo":{"@type":"ImageObject","inLanguage":"en-US","@id":"https:\/\/reuth.de\/en\/#\/schema\/logo\/image\/","url":"https:\/\/reuth.de\/wp-content\/uploads\/2018\/06\/reuth-logo_mobile.png","contentUrl":"https:\/\/reuth.de\/wp-content\/uploads\/2018\/06\/reuth-logo_mobile.png","width":150,"height":31,"caption":"Reuth GmbH"},"image":{"@id":"https:\/\/reuth.de\/en\/#\/schema\/logo\/image\/"},"sameAs":["https:\/\/www.facebook.com\/Reuth-GmbH-1007318092647062\/","https:\/\/instagram.com\/reuth_gmbh?utm_source=ig_profile_share&amp;amp;amp;igshid=1iv2ell34osed"]}]}},"_links":{"self":[{"href":"https:\/\/reuth.de\/en\/wp-json\/wp\/v2\/pages\/3365","targetHints":{"allow":["GET"]}}],"collection":[{"href":"https:\/\/reuth.de\/en\/wp-json\/wp\/v2\/pages"}],"about":[{"href":"https:\/\/reuth.de\/en\/wp-json\/wp\/v2\/types\/page"}],"author":[{"embeddable":true,"href":"https:\/\/reuth.de\/en\/wp-json\/wp\/v2\/users\/3"}],"replies":[{"embeddable":true,"href":"https:\/\/reuth.de\/en\/wp-json\/wp\/v2\/comments?post=3365"}],"version-history":[{"count":6,"href":"https:\/\/reuth.de\/en\/wp-json\/wp\/v2\/pages\/3365\/revisions"}],"predecessor-version":[{"id":3925,"href":"https:\/\/reuth.de\/en\/wp-json\/wp\/v2\/pages\/3365\/revisions\/3925"}],"wp:attachment":[{"href":"https:\/\/reuth.de\/en\/wp-json\/wp\/v2\/media?parent=3365"}],"curies":[{"name":"wp","href":"https:\/\/api.w.org\/{rel}","templated":true}]}}