{"id":3377,"date":"2020-08-17T15:43:02","date_gmt":"2020-08-17T13:43:02","guid":{"rendered":"https:\/\/reuth.de\/downloads\/"},"modified":"2025-03-13T13:13:12","modified_gmt":"2025-03-13T12:13:12","slug":"downloads","status":"publish","type":"page","link":"https:\/\/reuth.de\/en\/downloads\/","title":{"rendered":"Downloads"},"content":{"rendered":"<div class=\"wpb-content-wrapper\"><p>[vc_row css_animation=&#8221;&#8221; row_type=&#8221;row&#8221; use_row_as_full_screen_section=&#8221;no&#8221; type=&#8221;full_width&#8221; angled_section=&#8221;no&#8221; text_align=&#8221;left&#8221; background_image_as_pattern=&#8221;without_pattern&#8221; css=&#8221;.vc_custom_1597672967906{padding-top: 1rem !important;}&#8221; z_index=&#8221;&#8221;][vc_column][vc_column_text]<\/p>\n<h1>Brochures for download<\/h1>\n<p>[\/vc_column_text][vc_separator type=&#8221;small&#8221; position=&#8221;left&#8221; color=&#8221;#fab012&#8243; thickness=&#8221;4&#8243; width=&#8221;48&#8243; up=&#8221;17&#8243; down=&#8221;27&#8243;][\/vc_column][\/vc_row][vc_row css_animation=&#8221;&#8221; row_type=&#8221;row&#8221; use_row_as_full_screen_section=&#8221;no&#8221; type=&#8221;full_width&#8221; angled_section=&#8221;no&#8221; text_align=&#8221;center&#8221; background_image_as_pattern=&#8221;without_pattern&#8221; css=&#8221;.vc_custom_1597672871032{padding-top: 1rem !important;padding-bottom: 3rem !important;}&#8221; z_index=&#8221;&#8221;][vc_column width=&#8221;1\/3&#8243;][vc_single_image image=&#8221;2184&#8243; img_size=&#8221;full&#8221; alignment=&#8221;center&#8221; onclick=&#8221;custom_link&#8221; img_link_target=&#8221;_blank&#8221; qode_css_animation=&#8221;&#8221; link=&#8221;https:\/\/reuth.de\/wp-content\/uploads\/2020\/08\/Flyer_Spritzguss_grau.pdf&#8221;][vc_column_text]<a class=\"qbutton medium default\" href=\"https:\/\/reuth.de\/wp-content\/uploads\/2020\/08\/Flyer_Spritzguss_grau.pdf\" download=\"\">Download brochure<\/a>[\/vc_column_text][\/vc_column][vc_column width=&#8221;1\/3&#8243;][vc_single_image image=&#8221;2261&#8243; img_size=&#8221;full&#8221; alignment=&#8221;center&#8221; onclick=&#8221;custom_link&#8221; img_link_target=&#8221;_blank&#8221; qode_css_animation=&#8221;&#8221; link=&#8221;https:\/\/reuth.de\/wp-content\/uploads\/2020\/12\/Flyer_Systemlieferant_11-2020_RZlow.pdf&#8221;][vc_column_text]<a class=\"qbutton medium default\" href=\"https:\/\/reuth.de\/wp-content\/uploads\/2020\/12\/Flyer_Systemlieferant_11-2020_RZlow.pdf\" download=\"\">Download brochure<\/a>[\/vc_column_text][\/vc_column][vc_column width=&#8221;1\/3&#8243;][vc_single_image image=&#8221;2183&#8243; img_size=&#8221;full&#8221; alignment=&#8221;center&#8221; onclick=&#8221;custom_link&#8221; img_link_target=&#8221;_blank&#8221; qode_css_animation=&#8221;&#8221; link=&#8221;https:\/\/reuth.de\/wp-content\/uploads\/2020\/08\/Reuth_Image_.pdf&#8221;][vc_column_text]<a class=\"qbutton medium default\" href=\"https:\/\/reuth.de\/wp-content\/uploads\/2020\/08\/Reuth_Image_.pdf\" download=\"\">Download brochure<\/a>[\/vc_column_text][\/vc_column][\/vc_row]<\/p>\n<\/div>","protected":false},"excerpt":{"rendered":"<p>[vc_row css_animation=&#8221;&#8221; row_type=&#8221;row&#8221; use_row_as_full_screen_section=&#8221;no&#8221; type=&#8221;full_width&#8221; angled_section=&#8221;no&#8221; text_align=&#8221;left&#8221; background_image_as_pattern=&#8221;without_pattern&#8221; css=&#8221;.vc_custom_1597672967906{padding-top: 1rem !important;}&#8221; z_index=&#8221;&#8221;][vc_column][vc_column_text] Brochures for download [\/vc_column_text][vc_separator type=&#8221;small&#8221; position=&#8221;left&#8221; color=&#8221;#fab012&#8243; thickness=&#8221;4&#8243; width=&#8221;48&#8243; up=&#8221;17&#8243; down=&#8221;27&#8243;][\/vc_column][\/vc_row][vc_row css_animation=&#8221;&#8221; row_type=&#8221;row&#8221; use_row_as_full_screen_section=&#8221;no&#8221; type=&#8221;full_width&#8221; angled_section=&#8221;no&#8221; text_align=&#8221;center&#8221; background_image_as_pattern=&#8221;without_pattern&#8221; css=&#8221;.vc_custom_1597672871032{padding-top: 1rem !important;padding-bottom: 3rem !important;}&#8221; z_index=&#8221;&#8221;][vc_column width=&#8221;1\/3&#8243;][vc_single_image image=&#8221;2184&#8243; img_size=&#8221;full&#8221; alignment=&#8221;center&#8221; onclick=&#8221;custom_link&#8221; img_link_target=&#8221;_blank&#8221; qode_css_animation=&#8221;&#8221; link=&#8221;https:\/\/reuth.de\/wp-content\/uploads\/2020\/08\/Flyer_Spritzguss_grau.pdf&#8221;][vc_column_text]Download brochure[\/vc_column_text][\/vc_column][vc_column&#8230;<\/p>\n","protected":false},"author":3,"featured_media":0,"parent":0,"menu_order":0,"comment_status":"closed","ping_status":"closed","template":"","meta":{"footnotes":""},"class_list":["post-3377","page","type-page","status-publish","hentry"],"yoast_head":"<!-- This site is optimized with the Yoast SEO Premium plugin v21.5 (Yoast SEO v27.3) - https:\/\/yoast.com\/product\/yoast-seo-premium-wordpress\/ -->\n<title>Downloads - Reuth GmbH<\/title>\n<meta name=\"description\" content=\"Reuth GmbH - Probleml\u00f6ser f\u00fcr anspruchsvolle Aufgaben im Werkzeugbau, Formen- &amp; Sondermaschinenbau. Die High Tech Fertigung z\u00e4hlt dabei zu den Kernkompetenzen.\" \/>\n<meta name=\"robots\" content=\"index, follow, max-snippet:-1, max-image-preview:large, max-video-preview:-1\" \/>\n<link rel=\"canonical\" href=\"https:\/\/reuth.de\/en\/downloads\/\" \/>\n<meta property=\"og:locale\" content=\"en_US\" \/>\n<meta property=\"og:type\" content=\"article\" \/>\n<meta property=\"og:title\" content=\"Downloads\" \/>\n<meta property=\"og:description\" content=\"Reuth GmbH - Probleml\u00f6ser f\u00fcr anspruchsvolle Aufgaben im Werkzeugbau, Formen- &amp; Sondermaschinenbau. Die High Tech Fertigung z\u00e4hlt dabei zu den Kernkompetenzen.\" \/>\n<meta property=\"og:url\" content=\"https:\/\/reuth.de\/en\/downloads\/\" \/>\n<meta property=\"og:site_name\" content=\"Reuth GmbH\" \/>\n<meta property=\"article:publisher\" content=\"https:\/\/www.facebook.com\/Reuth-GmbH-1007318092647062\/\" \/>\n<meta property=\"article:modified_time\" content=\"2025-03-13T12:13:12+00:00\" \/>\n<meta name=\"twitter:card\" content=\"summary_large_image\" \/>\n<meta name=\"twitter:label1\" content=\"Est. reading time\" \/>\n\t<meta name=\"twitter:data1\" content=\"1 minute\" \/>\n<script type=\"application\/ld+json\" class=\"yoast-schema-graph\">{\"@context\":\"https:\\\/\\\/schema.org\",\"@graph\":[{\"@type\":\"WebPage\",\"@id\":\"https:\\\/\\\/reuth.de\\\/en\\\/downloads\\\/\",\"url\":\"https:\\\/\\\/reuth.de\\\/en\\\/downloads\\\/\",\"name\":\"Downloads - Reuth GmbH\",\"isPartOf\":{\"@id\":\"https:\\\/\\\/reuth.de\\\/en\\\/#website\"},\"datePublished\":\"2020-08-17T13:43:02+00:00\",\"dateModified\":\"2025-03-13T12:13:12+00:00\",\"description\":\"Reuth GmbH - Probleml\u00f6ser f\u00fcr anspruchsvolle Aufgaben im Werkzeugbau, Formen- & Sondermaschinenbau. Die High Tech Fertigung z\u00e4hlt dabei zu den Kernkompetenzen.\",\"breadcrumb\":{\"@id\":\"https:\\\/\\\/reuth.de\\\/en\\\/downloads\\\/#breadcrumb\"},\"inLanguage\":\"en-US\",\"potentialAction\":[{\"@type\":\"ReadAction\",\"target\":[\"https:\\\/\\\/reuth.de\\\/en\\\/downloads\\\/\"]}]},{\"@type\":\"BreadcrumbList\",\"@id\":\"https:\\\/\\\/reuth.de\\\/en\\\/downloads\\\/#breadcrumb\",\"itemListElement\":[{\"@type\":\"ListItem\",\"position\":1,\"name\":\"Home\",\"item\":\"https:\\\/\\\/reuth.de\\\/en\\\/\"},{\"@type\":\"ListItem\",\"position\":2,\"name\":\"Downloads\"}]},{\"@type\":\"WebSite\",\"@id\":\"https:\\\/\\\/reuth.de\\\/en\\\/#website\",\"url\":\"https:\\\/\\\/reuth.de\\\/en\\\/\",\"name\":\"Reuth GmbH\",\"description\":\"Toolmaking, Mechanical Engineering, Moldmaking\",\"publisher\":{\"@id\":\"https:\\\/\\\/reuth.de\\\/en\\\/#organization\"},\"potentialAction\":[{\"@type\":\"SearchAction\",\"target\":{\"@type\":\"EntryPoint\",\"urlTemplate\":\"https:\\\/\\\/reuth.de\\\/en\\\/?s={search_term_string}\"},\"query-input\":{\"@type\":\"PropertyValueSpecification\",\"valueRequired\":true,\"valueName\":\"search_term_string\"}}],\"inLanguage\":\"en-US\"},{\"@type\":\"Organization\",\"@id\":\"https:\\\/\\\/reuth.de\\\/en\\\/#organization\",\"name\":\"Reuth GmbH\",\"url\":\"https:\\\/\\\/reuth.de\\\/en\\\/\",\"logo\":{\"@type\":\"ImageObject\",\"inLanguage\":\"en-US\",\"@id\":\"https:\\\/\\\/reuth.de\\\/en\\\/#\\\/schema\\\/logo\\\/image\\\/\",\"url\":\"https:\\\/\\\/reuth.de\\\/wp-content\\\/uploads\\\/2018\\\/06\\\/reuth-logo_mobile.png\",\"contentUrl\":\"https:\\\/\\\/reuth.de\\\/wp-content\\\/uploads\\\/2018\\\/06\\\/reuth-logo_mobile.png\",\"width\":150,\"height\":31,\"caption\":\"Reuth GmbH\"},\"image\":{\"@id\":\"https:\\\/\\\/reuth.de\\\/en\\\/#\\\/schema\\\/logo\\\/image\\\/\"},\"sameAs\":[\"https:\\\/\\\/www.facebook.com\\\/Reuth-GmbH-1007318092647062\\\/\",\"https:\\\/\\\/instagram.com\\\/reuth_gmbh?utm_source=ig_profile_share&amp;amp;amp;igshid=1iv2ell34osed\"]}]}<\/script>\n<!-- \/ Yoast SEO Premium plugin. -->","yoast_head_json":{"title":"Downloads - Reuth GmbH","description":"Reuth GmbH - Probleml\u00f6ser f\u00fcr anspruchsvolle Aufgaben im Werkzeugbau, Formen- & Sondermaschinenbau. Die High Tech Fertigung z\u00e4hlt dabei zu den Kernkompetenzen.","robots":{"index":"index","follow":"follow","max-snippet":"max-snippet:-1","max-image-preview":"max-image-preview:large","max-video-preview":"max-video-preview:-1"},"canonical":"https:\/\/reuth.de\/en\/downloads\/","og_locale":"en_US","og_type":"article","og_title":"Downloads","og_description":"Reuth GmbH - Probleml\u00f6ser f\u00fcr anspruchsvolle Aufgaben im Werkzeugbau, Formen- & Sondermaschinenbau. Die High Tech Fertigung z\u00e4hlt dabei zu den Kernkompetenzen.","og_url":"https:\/\/reuth.de\/en\/downloads\/","og_site_name":"Reuth GmbH","article_publisher":"https:\/\/www.facebook.com\/Reuth-GmbH-1007318092647062\/","article_modified_time":"2025-03-13T12:13:12+00:00","twitter_card":"summary_large_image","twitter_misc":{"Est. reading time":"1 minute"},"schema":{"@context":"https:\/\/schema.org","@graph":[{"@type":"WebPage","@id":"https:\/\/reuth.de\/en\/downloads\/","url":"https:\/\/reuth.de\/en\/downloads\/","name":"Downloads - Reuth GmbH","isPartOf":{"@id":"https:\/\/reuth.de\/en\/#website"},"datePublished":"2020-08-17T13:43:02+00:00","dateModified":"2025-03-13T12:13:12+00:00","description":"Reuth GmbH - Probleml\u00f6ser f\u00fcr anspruchsvolle Aufgaben im Werkzeugbau, Formen- & Sondermaschinenbau. Die High Tech Fertigung z\u00e4hlt dabei zu den Kernkompetenzen.","breadcrumb":{"@id":"https:\/\/reuth.de\/en\/downloads\/#breadcrumb"},"inLanguage":"en-US","potentialAction":[{"@type":"ReadAction","target":["https:\/\/reuth.de\/en\/downloads\/"]}]},{"@type":"BreadcrumbList","@id":"https:\/\/reuth.de\/en\/downloads\/#breadcrumb","itemListElement":[{"@type":"ListItem","position":1,"name":"Home","item":"https:\/\/reuth.de\/en\/"},{"@type":"ListItem","position":2,"name":"Downloads"}]},{"@type":"WebSite","@id":"https:\/\/reuth.de\/en\/#website","url":"https:\/\/reuth.de\/en\/","name":"Reuth GmbH","description":"Toolmaking, Mechanical Engineering, Moldmaking","publisher":{"@id":"https:\/\/reuth.de\/en\/#organization"},"potentialAction":[{"@type":"SearchAction","target":{"@type":"EntryPoint","urlTemplate":"https:\/\/reuth.de\/en\/?s={search_term_string}"},"query-input":{"@type":"PropertyValueSpecification","valueRequired":true,"valueName":"search_term_string"}}],"inLanguage":"en-US"},{"@type":"Organization","@id":"https:\/\/reuth.de\/en\/#organization","name":"Reuth GmbH","url":"https:\/\/reuth.de\/en\/","logo":{"@type":"ImageObject","inLanguage":"en-US","@id":"https:\/\/reuth.de\/en\/#\/schema\/logo\/image\/","url":"https:\/\/reuth.de\/wp-content\/uploads\/2018\/06\/reuth-logo_mobile.png","contentUrl":"https:\/\/reuth.de\/wp-content\/uploads\/2018\/06\/reuth-logo_mobile.png","width":150,"height":31,"caption":"Reuth GmbH"},"image":{"@id":"https:\/\/reuth.de\/en\/#\/schema\/logo\/image\/"},"sameAs":["https:\/\/www.facebook.com\/Reuth-GmbH-1007318092647062\/","https:\/\/instagram.com\/reuth_gmbh?utm_source=ig_profile_share&amp;amp;amp;igshid=1iv2ell34osed"]}]}},"_links":{"self":[{"href":"https:\/\/reuth.de\/en\/wp-json\/wp\/v2\/pages\/3377","targetHints":{"allow":["GET"]}}],"collection":[{"href":"https:\/\/reuth.de\/en\/wp-json\/wp\/v2\/pages"}],"about":[{"href":"https:\/\/reuth.de\/en\/wp-json\/wp\/v2\/types\/page"}],"author":[{"embeddable":true,"href":"https:\/\/reuth.de\/en\/wp-json\/wp\/v2\/users\/3"}],"replies":[{"embeddable":true,"href":"https:\/\/reuth.de\/en\/wp-json\/wp\/v2\/comments?post=3377"}],"version-history":[{"count":2,"href":"https:\/\/reuth.de\/en\/wp-json\/wp\/v2\/pages\/3377\/revisions"}],"predecessor-version":[{"id":3379,"href":"https:\/\/reuth.de\/en\/wp-json\/wp\/v2\/pages\/3377\/revisions\/3379"}],"wp:attachment":[{"href":"https:\/\/reuth.de\/en\/wp-json\/wp\/v2\/media?parent=3377"}],"curies":[{"name":"wp","href":"https:\/\/api.w.org\/{rel}","templated":true}]}}