{"id":3398,"date":"2020-04-06T14:28:07","date_gmt":"2020-04-06T12:28:07","guid":{"rendered":"https:\/\/reuth.de\/competencies\/special-machinery-construction\/complete-special-machinery-and-fixture-construction\/"},"modified":"2025-03-13T13:37:46","modified_gmt":"2025-03-13T12:37:46","slug":"complete-special-machinery-and-fixture-construction","status":"publish","type":"page","link":"https:\/\/reuth.de\/en\/competencies\/special-machinery-construction\/complete-special-machinery-and-fixture-construction\/","title":{"rendered":"Complete Special Machinery and Fixture Construction"},"content":{"rendered":"<div class=\"wpb-content-wrapper\"><p>[vc_row css_animation=&#8221;&#8221; row_type=&#8221;row&#8221; use_row_as_full_screen_section=&#8221;no&#8221; type=&#8221;full_width&#8221; angled_section=&#8221;no&#8221; text_align=&#8221;left&#8221; background_image_as_pattern=&#8221;without_pattern&#8221; css=&#8221;.vc_custom_1586176096888{padding-top: 32px !important;}&#8221; z_index=&#8221;&#8221;][vc_column width=&#8221;1\/2&#8243;][vc_column_text css=&#8221;.vc_custom_1690813306112{padding-bottom: 1rem !important;}&#8221;]<\/p>\n<h2>Custom Special Machinery and Fixture Constructio<\/h2>\n<p>&nbsp;<\/p>\n<p>Our outstanding product quality is the result of decades of experience and in-depth expertise, reflected in all our services\u2014from special machinery construction to fixture manufacturing and the production of test gauges. All our services include electrical installation, hydraulics, and pneumatics, and we exclusively use state-of-the-art CNC machining techniques. Your fixtures are precisely tailored to your specific requirements, set up on-site by us, and commissioned in collaboration with you. A key part of our service package is comprehensive technical documentation.[\/vc_column_text][vc_column_text]<\/p>\n<h3>Fixture Construction \u2013 Customized and Flexible to Your Needs<\/h3>\n<p>&nbsp;<\/p>\n<p>In close cooperation with you, we plan and develop special machines precisely tailored to your specific requirements. Benefit from the numerous advantages of working with us:[\/vc_column_text][vc_column_text css=&#8221;.vc_custom_1690813449911{padding-top: 1em !important;padding-left: 2em !important;}&#8221;]<\/p>\n<ul>\n<li>Fast problem-solving<\/li>\n<li>No costly downtime<\/li>\n<li>Long-term availability of wear and spare parts<\/li>\n<\/ul>\n<p>[\/vc_column_text][\/vc_column][vc_column width=&#8221;1\/2&#8243;][vc_single_image image=&#8221;1964&#8243; img_size=&#8221;large&#8221; qode_css_animation=&#8221;&#8221;][\/vc_column][\/vc_row][vc_row css_animation=&#8221;&#8221; row_type=&#8221;row&#8221; use_row_as_full_screen_section=&#8221;no&#8221; type=&#8221;full_width&#8221; angled_section=&#8221;no&#8221; text_align=&#8221;left&#8221; background_image_as_pattern=&#8221;without_pattern&#8221; css=&#8221;.vc_custom_1586176105842{padding-top: 32px !important;padding-bottom: 32px !important;}&#8221; z_index=&#8221;&#8221;][vc_column][vc_raw_html]PGlmcmFtZSB3aWR0aD0iNzUwIiBoZWlnaHQ9IjQyMiIgc3JjPSJodHRwczovL3d3dy55b3V0dWJlLmNvbS9lbWJlZC9mbkNyT196M2twYz9jb250cm9scz0wIiBmcmFtZWJvcmRlcj0iMCIgYWxsb3c9ImFjY2VsZXJvbWV0ZXI7IGF1dG9wbGF5OyBlbmNyeXB0ZWQtbWVkaWE7IGd5cm9zY29wZTsgcGljdHVyZS1pbi1waWN0dXJlIiBhbGxvd2Z1bGxzY3JlZW49IiI+PC9pZnJhbWU+[\/vc_raw_html][\/vc_column][\/vc_row]<\/p>\n<\/div>","protected":false},"excerpt":{"rendered":"<p>[vc_row css_animation=&#8221;&#8221; row_type=&#8221;row&#8221; use_row_as_full_screen_section=&#8221;no&#8221; type=&#8221;full_width&#8221; angled_section=&#8221;no&#8221; text_align=&#8221;left&#8221; background_image_as_pattern=&#8221;without_pattern&#8221; css=&#8221;.vc_custom_1586176096888{padding-top: 32px !important;}&#8221; z_index=&#8221;&#8221;][vc_column width=&#8221;1\/2&#8243;][vc_column_text css=&#8221;.vc_custom_1690813306112{padding-bottom: 1rem !important;}&#8221;] Custom Special Machinery and Fixture Constructio &nbsp; Our outstanding product quality is the result of decades of experience and in-depth expertise, reflected in all our services\u2014from special machinery construction&#8230;<\/p>\n","protected":false},"author":3,"featured_media":0,"parent":3393,"menu_order":0,"comment_status":"closed","ping_status":"closed","template":"","meta":{"footnotes":""},"class_list":["post-3398","page","type-page","status-publish","hentry"],"yoast_head":"<!-- This site is optimized with the Yoast SEO Premium plugin v21.5 (Yoast SEO v27.3) - https:\/\/yoast.com\/product\/yoast-seo-premium-wordpress\/ -->\n<title>Complete Special Machinery and Fixture Construction - Reuth GmbH<\/title>\n<meta name=\"description\" content=\"Reuth GmbH - Probleml\u00f6ser f\u00fcr anspruchsvolle Aufgaben im Werkzeugbau, Formen- &amp; Sondermaschinenbau. Die High Tech Fertigung z\u00e4hlt dabei zu den Kernkompetenzen.\" \/>\n<meta name=\"robots\" content=\"index, follow, max-snippet:-1, max-image-preview:large, max-video-preview:-1\" \/>\n<link rel=\"canonical\" href=\"https:\/\/reuth.de\/en\/competencies\/special-machinery-construction\/complete-special-machinery-and-fixture-construction\/\" \/>\n<meta property=\"og:locale\" content=\"en_US\" \/>\n<meta property=\"og:type\" content=\"article\" \/>\n<meta property=\"og:title\" content=\"Complete Special Machinery and Fixture Construction\" \/>\n<meta property=\"og:description\" content=\"Reuth GmbH - Probleml\u00f6ser f\u00fcr anspruchsvolle Aufgaben im Werkzeugbau, Formen- &amp; Sondermaschinenbau. Die High Tech Fertigung z\u00e4hlt dabei zu den Kernkompetenzen.\" \/>\n<meta property=\"og:url\" content=\"https:\/\/reuth.de\/en\/competencies\/special-machinery-construction\/complete-special-machinery-and-fixture-construction\/\" \/>\n<meta property=\"og:site_name\" content=\"Reuth GmbH\" \/>\n<meta property=\"article:publisher\" content=\"https:\/\/www.facebook.com\/Reuth-GmbH-1007318092647062\/\" \/>\n<meta property=\"article:modified_time\" content=\"2025-03-13T12:37:46+00:00\" \/>\n<meta name=\"twitter:card\" content=\"summary_large_image\" \/>\n<meta name=\"twitter:label1\" content=\"Est. reading time\" \/>\n\t<meta name=\"twitter:data1\" content=\"2 minutes\" \/>\n<script type=\"application\/ld+json\" class=\"yoast-schema-graph\">{\"@context\":\"https:\\\/\\\/schema.org\",\"@graph\":[{\"@type\":\"WebPage\",\"@id\":\"https:\\\/\\\/reuth.de\\\/en\\\/competencies\\\/special-machinery-construction\\\/complete-special-machinery-and-fixture-construction\\\/\",\"url\":\"https:\\\/\\\/reuth.de\\\/en\\\/competencies\\\/special-machinery-construction\\\/complete-special-machinery-and-fixture-construction\\\/\",\"name\":\"Complete Special Machinery and Fixture Construction - Reuth GmbH\",\"isPartOf\":{\"@id\":\"https:\\\/\\\/reuth.de\\\/en\\\/#website\"},\"datePublished\":\"2020-04-06T12:28:07+00:00\",\"dateModified\":\"2025-03-13T12:37:46+00:00\",\"description\":\"Reuth GmbH - Probleml\u00f6ser f\u00fcr anspruchsvolle Aufgaben im Werkzeugbau, Formen- & Sondermaschinenbau. Die High Tech Fertigung z\u00e4hlt dabei zu den Kernkompetenzen.\",\"breadcrumb\":{\"@id\":\"https:\\\/\\\/reuth.de\\\/en\\\/competencies\\\/special-machinery-construction\\\/complete-special-machinery-and-fixture-construction\\\/#breadcrumb\"},\"inLanguage\":\"en-US\",\"potentialAction\":[{\"@type\":\"ReadAction\",\"target\":[\"https:\\\/\\\/reuth.de\\\/en\\\/competencies\\\/special-machinery-construction\\\/complete-special-machinery-and-fixture-construction\\\/\"]}]},{\"@type\":\"BreadcrumbList\",\"@id\":\"https:\\\/\\\/reuth.de\\\/en\\\/competencies\\\/special-machinery-construction\\\/complete-special-machinery-and-fixture-construction\\\/#breadcrumb\",\"itemListElement\":[{\"@type\":\"ListItem\",\"position\":1,\"name\":\"Home\",\"item\":\"https:\\\/\\\/reuth.de\\\/en\\\/\"},{\"@type\":\"ListItem\",\"position\":2,\"name\":\"Competencies\",\"item\":\"https:\\\/\\\/reuth.de\\\/en\\\/competencies\\\/\"},{\"@type\":\"ListItem\",\"position\":3,\"name\":\"Special machinery construction\",\"item\":\"https:\\\/\\\/reuth.de\\\/en\\\/competencies\\\/special-machinery-construction\\\/\"},{\"@type\":\"ListItem\",\"position\":4,\"name\":\"Complete Special Machinery and Fixture Construction\"}]},{\"@type\":\"WebSite\",\"@id\":\"https:\\\/\\\/reuth.de\\\/en\\\/#website\",\"url\":\"https:\\\/\\\/reuth.de\\\/en\\\/\",\"name\":\"Reuth GmbH\",\"description\":\"Toolmaking, Mechanical Engineering, Moldmaking\",\"publisher\":{\"@id\":\"https:\\\/\\\/reuth.de\\\/en\\\/#organization\"},\"potentialAction\":[{\"@type\":\"SearchAction\",\"target\":{\"@type\":\"EntryPoint\",\"urlTemplate\":\"https:\\\/\\\/reuth.de\\\/en\\\/?s={search_term_string}\"},\"query-input\":{\"@type\":\"PropertyValueSpecification\",\"valueRequired\":true,\"valueName\":\"search_term_string\"}}],\"inLanguage\":\"en-US\"},{\"@type\":\"Organization\",\"@id\":\"https:\\\/\\\/reuth.de\\\/en\\\/#organization\",\"name\":\"Reuth GmbH\",\"url\":\"https:\\\/\\\/reuth.de\\\/en\\\/\",\"logo\":{\"@type\":\"ImageObject\",\"inLanguage\":\"en-US\",\"@id\":\"https:\\\/\\\/reuth.de\\\/en\\\/#\\\/schema\\\/logo\\\/image\\\/\",\"url\":\"https:\\\/\\\/reuth.de\\\/wp-content\\\/uploads\\\/2018\\\/06\\\/reuth-logo_mobile.png\",\"contentUrl\":\"https:\\\/\\\/reuth.de\\\/wp-content\\\/uploads\\\/2018\\\/06\\\/reuth-logo_mobile.png\",\"width\":150,\"height\":31,\"caption\":\"Reuth GmbH\"},\"image\":{\"@id\":\"https:\\\/\\\/reuth.de\\\/en\\\/#\\\/schema\\\/logo\\\/image\\\/\"},\"sameAs\":[\"https:\\\/\\\/www.facebook.com\\\/Reuth-GmbH-1007318092647062\\\/\",\"https:\\\/\\\/instagram.com\\\/reuth_gmbh?utm_source=ig_profile_share&amp;amp;amp;igshid=1iv2ell34osed\"]}]}<\/script>\n<!-- \/ Yoast SEO Premium plugin. -->","yoast_head_json":{"title":"Complete Special Machinery and Fixture Construction - Reuth GmbH","description":"Reuth GmbH - Probleml\u00f6ser f\u00fcr anspruchsvolle Aufgaben im Werkzeugbau, Formen- & Sondermaschinenbau. Die High Tech Fertigung z\u00e4hlt dabei zu den Kernkompetenzen.","robots":{"index":"index","follow":"follow","max-snippet":"max-snippet:-1","max-image-preview":"max-image-preview:large","max-video-preview":"max-video-preview:-1"},"canonical":"https:\/\/reuth.de\/en\/competencies\/special-machinery-construction\/complete-special-machinery-and-fixture-construction\/","og_locale":"en_US","og_type":"article","og_title":"Complete Special Machinery and Fixture Construction","og_description":"Reuth GmbH - Probleml\u00f6ser f\u00fcr anspruchsvolle Aufgaben im Werkzeugbau, Formen- & Sondermaschinenbau. Die High Tech Fertigung z\u00e4hlt dabei zu den Kernkompetenzen.","og_url":"https:\/\/reuth.de\/en\/competencies\/special-machinery-construction\/complete-special-machinery-and-fixture-construction\/","og_site_name":"Reuth GmbH","article_publisher":"https:\/\/www.facebook.com\/Reuth-GmbH-1007318092647062\/","article_modified_time":"2025-03-13T12:37:46+00:00","twitter_card":"summary_large_image","twitter_misc":{"Est. reading time":"2 minutes"},"schema":{"@context":"https:\/\/schema.org","@graph":[{"@type":"WebPage","@id":"https:\/\/reuth.de\/en\/competencies\/special-machinery-construction\/complete-special-machinery-and-fixture-construction\/","url":"https:\/\/reuth.de\/en\/competencies\/special-machinery-construction\/complete-special-machinery-and-fixture-construction\/","name":"Complete Special Machinery and Fixture Construction - Reuth GmbH","isPartOf":{"@id":"https:\/\/reuth.de\/en\/#website"},"datePublished":"2020-04-06T12:28:07+00:00","dateModified":"2025-03-13T12:37:46+00:00","description":"Reuth GmbH - Probleml\u00f6ser f\u00fcr anspruchsvolle Aufgaben im Werkzeugbau, Formen- & Sondermaschinenbau. Die High Tech Fertigung z\u00e4hlt dabei zu den Kernkompetenzen.","breadcrumb":{"@id":"https:\/\/reuth.de\/en\/competencies\/special-machinery-construction\/complete-special-machinery-and-fixture-construction\/#breadcrumb"},"inLanguage":"en-US","potentialAction":[{"@type":"ReadAction","target":["https:\/\/reuth.de\/en\/competencies\/special-machinery-construction\/complete-special-machinery-and-fixture-construction\/"]}]},{"@type":"BreadcrumbList","@id":"https:\/\/reuth.de\/en\/competencies\/special-machinery-construction\/complete-special-machinery-and-fixture-construction\/#breadcrumb","itemListElement":[{"@type":"ListItem","position":1,"name":"Home","item":"https:\/\/reuth.de\/en\/"},{"@type":"ListItem","position":2,"name":"Competencies","item":"https:\/\/reuth.de\/en\/competencies\/"},{"@type":"ListItem","position":3,"name":"Special machinery construction","item":"https:\/\/reuth.de\/en\/competencies\/special-machinery-construction\/"},{"@type":"ListItem","position":4,"name":"Complete Special Machinery and Fixture Construction"}]},{"@type":"WebSite","@id":"https:\/\/reuth.de\/en\/#website","url":"https:\/\/reuth.de\/en\/","name":"Reuth GmbH","description":"Toolmaking, Mechanical Engineering, Moldmaking","publisher":{"@id":"https:\/\/reuth.de\/en\/#organization"},"potentialAction":[{"@type":"SearchAction","target":{"@type":"EntryPoint","urlTemplate":"https:\/\/reuth.de\/en\/?s={search_term_string}"},"query-input":{"@type":"PropertyValueSpecification","valueRequired":true,"valueName":"search_term_string"}}],"inLanguage":"en-US"},{"@type":"Organization","@id":"https:\/\/reuth.de\/en\/#organization","name":"Reuth GmbH","url":"https:\/\/reuth.de\/en\/","logo":{"@type":"ImageObject","inLanguage":"en-US","@id":"https:\/\/reuth.de\/en\/#\/schema\/logo\/image\/","url":"https:\/\/reuth.de\/wp-content\/uploads\/2018\/06\/reuth-logo_mobile.png","contentUrl":"https:\/\/reuth.de\/wp-content\/uploads\/2018\/06\/reuth-logo_mobile.png","width":150,"height":31,"caption":"Reuth GmbH"},"image":{"@id":"https:\/\/reuth.de\/en\/#\/schema\/logo\/image\/"},"sameAs":["https:\/\/www.facebook.com\/Reuth-GmbH-1007318092647062\/","https:\/\/instagram.com\/reuth_gmbh?utm_source=ig_profile_share&amp;amp;amp;igshid=1iv2ell34osed"]}]}},"_links":{"self":[{"href":"https:\/\/reuth.de\/en\/wp-json\/wp\/v2\/pages\/3398","targetHints":{"allow":["GET"]}}],"collection":[{"href":"https:\/\/reuth.de\/en\/wp-json\/wp\/v2\/pages"}],"about":[{"href":"https:\/\/reuth.de\/en\/wp-json\/wp\/v2\/types\/page"}],"author":[{"embeddable":true,"href":"https:\/\/reuth.de\/en\/wp-json\/wp\/v2\/users\/3"}],"replies":[{"embeddable":true,"href":"https:\/\/reuth.de\/en\/wp-json\/wp\/v2\/comments?post=3398"}],"version-history":[{"count":2,"href":"https:\/\/reuth.de\/en\/wp-json\/wp\/v2\/pages\/3398\/revisions"}],"predecessor-version":[{"id":3400,"href":"https:\/\/reuth.de\/en\/wp-json\/wp\/v2\/pages\/3398\/revisions\/3400"}],"up":[{"embeddable":true,"href":"https:\/\/reuth.de\/en\/wp-json\/wp\/v2\/pages\/3393"}],"wp:attachment":[{"href":"https:\/\/reuth.de\/en\/wp-json\/wp\/v2\/media?parent=3398"}],"curies":[{"name":"wp","href":"https:\/\/api.w.org\/{rel}","templated":true}]}}