{"id":3407,"date":"2020-04-09T11:09:02","date_gmt":"2020-04-09T09:09:02","guid":{"rendered":"https:\/\/reuth.de\/competencies\/injection-molding\/"},"modified":"2025-03-13T13:55:33","modified_gmt":"2025-03-13T12:55:33","slug":"injection-molding","status":"publish","type":"page","link":"https:\/\/reuth.de\/en\/competencies\/injection-molding\/","title":{"rendered":"Injection molding"},"content":{"rendered":"<div class=\"wpb-content-wrapper\"><p>[vc_row css_animation=&#8221;&#8221; row_type=&#8221;row&#8221; use_row_as_full_screen_section=&#8221;no&#8221; type=&#8221;full_width&#8221; angled_section=&#8221;no&#8221; text_align=&#8221;left&#8221; background_image_as_pattern=&#8221;without_pattern&#8221; css=&#8221;.vc_custom_1586423262659{padding-top: 2rem !important;padding-bottom: 4rem !important;}&#8221; z_index=&#8221;&#8221;][vc_column width=&#8221;1\/2&#8243;][vc_column_text]<\/p>\n<h2>Customized Injection Molding Solutions at Reuth Technicum<\/h2>\n<p>&nbsp;<\/p>\n<p>From initial conception to the final production of your products, we are your reliable partner. With our extensive experience and expertise, we handle the entire production process\u2014from mold manufacturing and prototyping to the actual injection molding process. This allows you to focus on your core competencies and drive the success of your business.  <\/p>\n<p>&nbsp;<\/p>\n<p>As your trusted partner, we support you throughout the entire value stream of your products\u2014from the first idea to series production. Our comprehensive services ensure optimal results and the highest quality standards. <\/p>\n<p>&nbsp;<\/p>\n<p>We consolidate our expertise to serve as your full-service provider. The advantage for you: You receive all services from a single source, without efficiency losses, and in the high-quality Reuth standard you expect. We look forward to presenting our diverse portfolio to you and are confident that we have the right solution for your needs. Don\u2019t hesitate to contact us today so we can bring your projects to life together.   <\/p>\n<p>&nbsp;<\/p>\n<p>With our services, we relieve your internal resources and significantly simplify your supplier processes. This enables you to focus on your core activities and further strengthen your competitive position. <\/p>\n<p>&nbsp;<\/p>\n<p>More information? <a href=\"https:\/\/reuth.de\/wp-content\/uploads\/2019\/01\/Spritzguss_NEWS_2019.pdf\" target=\"_blank\" rel=\"noopener noreferrer\">Here <\/a>you can find the latest flyer on the Reuth Injection Molding Technicum.<\/p>\n<p>&nbsp;<\/p>\n<h3>Reuth \u2013 Perfection in Form and Injection Molding.<\/h3>\n<p>[\/vc_column_text][\/vc_column][vc_column width=&#8221;1\/2&#8243;][vc_single_image image=&#8221;1525&#8243; img_size=&#8221;large&#8221; qode_css_animation=&#8221;&#8221;][\/vc_column][\/vc_row][vc_row css_animation=&#8221;&#8221; row_type=&#8221;row&#8221; use_row_as_full_screen_section=&#8221;no&#8221; type=&#8221;full_width&#8221; angled_section=&#8221;no&#8221; text_align=&#8221;left&#8221; background_image_as_pattern=&#8221;without_pattern&#8221;][vc_column]<a  itemprop=\"url\" href=\"https:\/\/reuth.de\/kompetenzen\/spritzguss\/anfrage-spritzguss\/\" target=\"_self\"  class=\"qbutton  default\" style=\"\">Send an Injection Molding Inquiry Now<\/a>[vc_separator type=&#8221;normal&#8221; color=&#8221;rgba(0,0,0,0.01)&#8221;][\/vc_column][\/vc_row][vc_row css_animation=&#8221;&#8221; row_type=&#8221;row&#8221; use_row_as_full_screen_section=&#8221;no&#8221; type=&#8221;grid&#8221; angled_section=&#8221;no&#8221; text_align=&#8221;center&#8221; background_image_as_pattern=&#8221;without_pattern&#8221; padding_bottom=&#8221;56&#8243; z_index=&#8221;4&#8243; css=&#8221;.vc_custom_1662017848921{margin-bottom: 30px !important;padding-top: 8% !important;background-image: url(https:\/\/reuth.de\/wp-content\/uploads\/2018\/04\/reuth_gebaeude_web.jpg?id=316) !important;background-position: center !important;background-repeat: no-repeat !important;background-size: cover !important;}&#8221;][vc_column][vc_column_text css=&#8221;.vc_custom_1662017921368{padding-bottom: 20px !important;}&#8221; el_class=&#8221;h2w&#8221;]<\/p>\n<h2 style=\"text-align: center;\">Figures for the First Half of 2022<\/h2>\n<p>[\/vc_column_text][qode_elements_holder number_of_columns=&#8221;three_columns&#8221;][qode_elements_holder_item advanced_animations=&#8221;no&#8221;]<div class=\"q_counter_holder  center\" style=\"\"><span class=\"counter  random\" style=\"\">19<\/span><p class=\"counter_text\" style=\"\">Injection Molds<\/p><\/div>[vc_empty_space height=&#8221;30px&#8221;][\/qode_elements_holder_item][qode_elements_holder_item advanced_animations=&#8221;no&#8221;]<div class=\"q_counter_holder  center\" style=\"\"><span class=\"counter  random\" style=\"\">108<\/span><p class=\"counter_text\" style=\"\">Projects<\/p><\/div>[vc_empty_space height=&#8221;30px&#8221;][\/qode_elements_holder_item][qode_elements_holder_item advanced_animations=&#8221;no&#8221;]<div class=\"q_counter_holder  center\" style=\"\"><span class=\"counter  random\" style=\"\">21<\/span><p class=\"counter_text\" style=\"\">Tons of Processed Steel<\/p><\/div>[vc_empty_space height=&#8221;30px&#8221;][\/qode_elements_holder_item][\/qode_elements_holder][\/vc_column][\/vc_row]<\/p>\n<\/div>","protected":false},"excerpt":{"rendered":"<p>[vc_row css_animation=&#8221;&#8221; row_type=&#8221;row&#8221; use_row_as_full_screen_section=&#8221;no&#8221; type=&#8221;full_width&#8221; angled_section=&#8221;no&#8221; text_align=&#8221;left&#8221; background_image_as_pattern=&#8221;without_pattern&#8221; css=&#8221;.vc_custom_1586423262659{padding-top: 2rem !important;padding-bottom: 4rem !important;}&#8221; z_index=&#8221;&#8221;][vc_column width=&#8221;1\/2&#8243;][vc_column_text] Customized Injection Molding Solutions at Reuth Technicum &nbsp; From initial conception to the final production of your products, we are your reliable partner. With our extensive experience and expertise, we&#8230;<\/p>\n","protected":false},"author":3,"featured_media":0,"parent":3369,"menu_order":0,"comment_status":"closed","ping_status":"closed","template":"","meta":{"footnotes":""},"class_list":["post-3407","page","type-page","status-publish","hentry"],"yoast_head":"<!-- This site is optimized with the Yoast SEO Premium plugin v21.5 (Yoast SEO v27.3) - https:\/\/yoast.com\/product\/yoast-seo-premium-wordpress\/ -->\n<title>Injection molding - Reuth GmbH<\/title>\n<meta name=\"description\" content=\"Reuth GmbH - Probleml\u00f6ser f\u00fcr anspruchsvolle Aufgaben im Werkzeugbau, Formen- &amp; Sondermaschinenbau. Die High Tech Fertigung z\u00e4hlt dabei zu den Kernkompetenzen.\" \/>\n<meta name=\"robots\" content=\"index, follow, max-snippet:-1, max-image-preview:large, max-video-preview:-1\" \/>\n<link rel=\"canonical\" href=\"https:\/\/reuth.de\/en\/competencies\/injection-molding\/\" \/>\n<meta property=\"og:locale\" content=\"en_US\" \/>\n<meta property=\"og:type\" content=\"article\" \/>\n<meta property=\"og:title\" content=\"Injection molding\" \/>\n<meta property=\"og:description\" content=\"Reuth GmbH - Probleml\u00f6ser f\u00fcr anspruchsvolle Aufgaben im Werkzeugbau, Formen- &amp; Sondermaschinenbau. Die High Tech Fertigung z\u00e4hlt dabei zu den Kernkompetenzen.\" \/>\n<meta property=\"og:url\" content=\"https:\/\/reuth.de\/en\/competencies\/injection-molding\/\" \/>\n<meta property=\"og:site_name\" content=\"Reuth GmbH\" \/>\n<meta property=\"article:publisher\" content=\"https:\/\/www.facebook.com\/Reuth-GmbH-1007318092647062\/\" \/>\n<meta property=\"article:modified_time\" content=\"2025-03-13T12:55:33+00:00\" \/>\n<meta name=\"twitter:card\" content=\"summary_large_image\" \/>\n<meta name=\"twitter:label1\" content=\"Est. reading time\" \/>\n\t<meta name=\"twitter:data1\" content=\"3 minutes\" \/>\n<script type=\"application\/ld+json\" class=\"yoast-schema-graph\">{\"@context\":\"https:\\\/\\\/schema.org\",\"@graph\":[{\"@type\":\"WebPage\",\"@id\":\"https:\\\/\\\/reuth.de\\\/en\\\/competencies\\\/injection-molding\\\/\",\"url\":\"https:\\\/\\\/reuth.de\\\/en\\\/competencies\\\/injection-molding\\\/\",\"name\":\"Injection molding - Reuth GmbH\",\"isPartOf\":{\"@id\":\"https:\\\/\\\/reuth.de\\\/en\\\/#website\"},\"datePublished\":\"2020-04-09T09:09:02+00:00\",\"dateModified\":\"2025-03-13T12:55:33+00:00\",\"description\":\"Reuth GmbH - Probleml\u00f6ser f\u00fcr anspruchsvolle Aufgaben im Werkzeugbau, Formen- & Sondermaschinenbau. Die High Tech Fertigung z\u00e4hlt dabei zu den Kernkompetenzen.\",\"breadcrumb\":{\"@id\":\"https:\\\/\\\/reuth.de\\\/en\\\/competencies\\\/injection-molding\\\/#breadcrumb\"},\"inLanguage\":\"en-US\",\"potentialAction\":[{\"@type\":\"ReadAction\",\"target\":[\"https:\\\/\\\/reuth.de\\\/en\\\/competencies\\\/injection-molding\\\/\"]}]},{\"@type\":\"BreadcrumbList\",\"@id\":\"https:\\\/\\\/reuth.de\\\/en\\\/competencies\\\/injection-molding\\\/#breadcrumb\",\"itemListElement\":[{\"@type\":\"ListItem\",\"position\":1,\"name\":\"Home\",\"item\":\"https:\\\/\\\/reuth.de\\\/en\\\/\"},{\"@type\":\"ListItem\",\"position\":2,\"name\":\"Competencies\",\"item\":\"https:\\\/\\\/reuth.de\\\/en\\\/competencies\\\/\"},{\"@type\":\"ListItem\",\"position\":3,\"name\":\"Injection molding\"}]},{\"@type\":\"WebSite\",\"@id\":\"https:\\\/\\\/reuth.de\\\/en\\\/#website\",\"url\":\"https:\\\/\\\/reuth.de\\\/en\\\/\",\"name\":\"Reuth GmbH\",\"description\":\"Toolmaking, Mechanical Engineering, Moldmaking\",\"publisher\":{\"@id\":\"https:\\\/\\\/reuth.de\\\/en\\\/#organization\"},\"potentialAction\":[{\"@type\":\"SearchAction\",\"target\":{\"@type\":\"EntryPoint\",\"urlTemplate\":\"https:\\\/\\\/reuth.de\\\/en\\\/?s={search_term_string}\"},\"query-input\":{\"@type\":\"PropertyValueSpecification\",\"valueRequired\":true,\"valueName\":\"search_term_string\"}}],\"inLanguage\":\"en-US\"},{\"@type\":\"Organization\",\"@id\":\"https:\\\/\\\/reuth.de\\\/en\\\/#organization\",\"name\":\"Reuth GmbH\",\"url\":\"https:\\\/\\\/reuth.de\\\/en\\\/\",\"logo\":{\"@type\":\"ImageObject\",\"inLanguage\":\"en-US\",\"@id\":\"https:\\\/\\\/reuth.de\\\/en\\\/#\\\/schema\\\/logo\\\/image\\\/\",\"url\":\"https:\\\/\\\/reuth.de\\\/wp-content\\\/uploads\\\/2018\\\/06\\\/reuth-logo_mobile.png\",\"contentUrl\":\"https:\\\/\\\/reuth.de\\\/wp-content\\\/uploads\\\/2018\\\/06\\\/reuth-logo_mobile.png\",\"width\":150,\"height\":31,\"caption\":\"Reuth GmbH\"},\"image\":{\"@id\":\"https:\\\/\\\/reuth.de\\\/en\\\/#\\\/schema\\\/logo\\\/image\\\/\"},\"sameAs\":[\"https:\\\/\\\/www.facebook.com\\\/Reuth-GmbH-1007318092647062\\\/\",\"https:\\\/\\\/instagram.com\\\/reuth_gmbh?utm_source=ig_profile_share&amp;amp;amp;igshid=1iv2ell34osed\"]}]}<\/script>\n<!-- \/ Yoast SEO Premium plugin. -->","yoast_head_json":{"title":"Injection molding - Reuth GmbH","description":"Reuth GmbH - Probleml\u00f6ser f\u00fcr anspruchsvolle Aufgaben im Werkzeugbau, Formen- & Sondermaschinenbau. Die High Tech Fertigung z\u00e4hlt dabei zu den Kernkompetenzen.","robots":{"index":"index","follow":"follow","max-snippet":"max-snippet:-1","max-image-preview":"max-image-preview:large","max-video-preview":"max-video-preview:-1"},"canonical":"https:\/\/reuth.de\/en\/competencies\/injection-molding\/","og_locale":"en_US","og_type":"article","og_title":"Injection molding","og_description":"Reuth GmbH - Probleml\u00f6ser f\u00fcr anspruchsvolle Aufgaben im Werkzeugbau, Formen- & Sondermaschinenbau. Die High Tech Fertigung z\u00e4hlt dabei zu den Kernkompetenzen.","og_url":"https:\/\/reuth.de\/en\/competencies\/injection-molding\/","og_site_name":"Reuth GmbH","article_publisher":"https:\/\/www.facebook.com\/Reuth-GmbH-1007318092647062\/","article_modified_time":"2025-03-13T12:55:33+00:00","twitter_card":"summary_large_image","twitter_misc":{"Est. reading time":"3 minutes"},"schema":{"@context":"https:\/\/schema.org","@graph":[{"@type":"WebPage","@id":"https:\/\/reuth.de\/en\/competencies\/injection-molding\/","url":"https:\/\/reuth.de\/en\/competencies\/injection-molding\/","name":"Injection molding - Reuth GmbH","isPartOf":{"@id":"https:\/\/reuth.de\/en\/#website"},"datePublished":"2020-04-09T09:09:02+00:00","dateModified":"2025-03-13T12:55:33+00:00","description":"Reuth GmbH - Probleml\u00f6ser f\u00fcr anspruchsvolle Aufgaben im Werkzeugbau, Formen- & Sondermaschinenbau. Die High Tech Fertigung z\u00e4hlt dabei zu den Kernkompetenzen.","breadcrumb":{"@id":"https:\/\/reuth.de\/en\/competencies\/injection-molding\/#breadcrumb"},"inLanguage":"en-US","potentialAction":[{"@type":"ReadAction","target":["https:\/\/reuth.de\/en\/competencies\/injection-molding\/"]}]},{"@type":"BreadcrumbList","@id":"https:\/\/reuth.de\/en\/competencies\/injection-molding\/#breadcrumb","itemListElement":[{"@type":"ListItem","position":1,"name":"Home","item":"https:\/\/reuth.de\/en\/"},{"@type":"ListItem","position":2,"name":"Competencies","item":"https:\/\/reuth.de\/en\/competencies\/"},{"@type":"ListItem","position":3,"name":"Injection molding"}]},{"@type":"WebSite","@id":"https:\/\/reuth.de\/en\/#website","url":"https:\/\/reuth.de\/en\/","name":"Reuth GmbH","description":"Toolmaking, Mechanical Engineering, Moldmaking","publisher":{"@id":"https:\/\/reuth.de\/en\/#organization"},"potentialAction":[{"@type":"SearchAction","target":{"@type":"EntryPoint","urlTemplate":"https:\/\/reuth.de\/en\/?s={search_term_string}"},"query-input":{"@type":"PropertyValueSpecification","valueRequired":true,"valueName":"search_term_string"}}],"inLanguage":"en-US"},{"@type":"Organization","@id":"https:\/\/reuth.de\/en\/#organization","name":"Reuth GmbH","url":"https:\/\/reuth.de\/en\/","logo":{"@type":"ImageObject","inLanguage":"en-US","@id":"https:\/\/reuth.de\/en\/#\/schema\/logo\/image\/","url":"https:\/\/reuth.de\/wp-content\/uploads\/2018\/06\/reuth-logo_mobile.png","contentUrl":"https:\/\/reuth.de\/wp-content\/uploads\/2018\/06\/reuth-logo_mobile.png","width":150,"height":31,"caption":"Reuth GmbH"},"image":{"@id":"https:\/\/reuth.de\/en\/#\/schema\/logo\/image\/"},"sameAs":["https:\/\/www.facebook.com\/Reuth-GmbH-1007318092647062\/","https:\/\/instagram.com\/reuth_gmbh?utm_source=ig_profile_share&amp;amp;amp;igshid=1iv2ell34osed"]}]}},"_links":{"self":[{"href":"https:\/\/reuth.de\/en\/wp-json\/wp\/v2\/pages\/3407","targetHints":{"allow":["GET"]}}],"collection":[{"href":"https:\/\/reuth.de\/en\/wp-json\/wp\/v2\/pages"}],"about":[{"href":"https:\/\/reuth.de\/en\/wp-json\/wp\/v2\/types\/page"}],"author":[{"embeddable":true,"href":"https:\/\/reuth.de\/en\/wp-json\/wp\/v2\/users\/3"}],"replies":[{"embeddable":true,"href":"https:\/\/reuth.de\/en\/wp-json\/wp\/v2\/comments?post=3407"}],"version-history":[{"count":2,"href":"https:\/\/reuth.de\/en\/wp-json\/wp\/v2\/pages\/3407\/revisions"}],"predecessor-version":[{"id":3409,"href":"https:\/\/reuth.de\/en\/wp-json\/wp\/v2\/pages\/3407\/revisions\/3409"}],"up":[{"embeddable":true,"href":"https:\/\/reuth.de\/en\/wp-json\/wp\/v2\/pages\/3369"}],"wp:attachment":[{"href":"https:\/\/reuth.de\/en\/wp-json\/wp\/v2\/media?parent=3407"}],"curies":[{"name":"wp","href":"https:\/\/api.w.org\/{rel}","templated":true}]}}