{"id":3454,"date":"2020-02-26T13:23:38","date_gmt":"2020-02-26T12:23:38","guid":{"rendered":"https:\/\/reuth.de\/competencies\/toolmaking\/"},"modified":"2025-09-29T12:05:01","modified_gmt":"2025-09-29T10:05:01","slug":"moldmaking","status":"publish","type":"page","link":"https:\/\/reuth.de\/en\/competencies\/moldmaking\/","title":{"rendered":"Moldmaking"},"content":{"rendered":"<div class=\"wpb-content-wrapper\"><p>[vc_row css_animation=&#8221;&#8221; row_type=&#8221;row&#8221; use_row_as_full_screen_section=&#8221;no&#8221; type=&#8221;full_width&#8221; angled_section=&#8221;no&#8221; text_align=&#8221;left&#8221; background_image_as_pattern=&#8221;without_pattern&#8221;][vc_column][vc_column_text css=&#8221;.vc_custom_1690879675694{padding-top: 1rem !important;padding-bottom: 1rem !important;}&#8221;]<\/p>\n<h2>Customized Injection Molding Tools<\/h2>\n<p>&nbsp;<\/p>\n<p><strong>We design and manufacture tailor-made injection molding mold precisely adapted to your requirements.<\/strong><\/p>\n<p>&nbsp;<\/p>\n<p>Our end products are used in industries where the highest quality, precise fit, and long-lasting durability are essential. These include sectors such as electrical and plant engineering, medical technology, the automotive industry, consumer electronics, household goods, container construction, and many more.[\/vc_column_text][vc_column_text css=&#8221;.vc_custom_1690879696631{padding-top: 1rem !important;padding-bottom: 1rem !important;}&#8221;]<strong>At Reuth, we focus on the right molds.<\/strong><strong><br \/>\n<\/strong><\/p>\n<p>Unsere Werkzeugarten im \u00dcberblick:[\/vc_column_text][vc_column_text css=&#8221;.vc_custom_1690879823194{padding-top: 1rem !important;padding-bottom: 1rem !important;padding-left: 2em !important;}&#8221;]<\/p>\n<h2><\/h2>\n<ul>\n<li>Slider mold<\/li>\n<li>Tools with hot runner systems<\/li>\n<li>2-component mold<\/li>\n<li>Unscrewing molds<\/li>\n<li>Multiple unscrewing molds<\/li>\n<li>Silicone molds<\/li>\n<li>Overmolding mold, hybrid mold<\/li>\n<li>Injection molds with multi-part mold cores<\/li>\n<li>Split-cavity molds<\/li>\n<li>Injection molds in special dimensions<\/li>\n<li>Die-casting mold<\/li>\n<\/ul>\n<p>[\/vc_column_text][vc_raw_html css=&#8221;.vc_custom_1759140300045{padding-top: 3rem !important;padding-bottom: 3rem !important;}&#8221;]JTNDaWZyYW1lJTIwd2lkdGglM0QlMjI3NTAlMjIlMjBoZWlnaHQlM0QlMjI0MjIlMjIlMjAlMEElMjAlMjAlMjAlMjBzcmMlM0QlMjJodHRwcyUzQSUyRiUyRnd3dy55b3V0dWJlLmNvbSUyRmVtYmVkJTJGTUZrNWxuNktvbDQlMjIlMjAlMEElMjAlMjAlMjAlMjBmcmFtZWJvcmRlciUzRCUyMjAlMjIlMjAlMEElMjAlMjAlMjAlMjBhbGxvdyUzRCUyMmFjY2VsZXJvbWV0ZXIlM0IlMjBhdXRvcGxheSUzQiUyMGVuY3J5cHRlZC1tZWRpYSUzQiUyMGd5cm9zY29wZSUzQiUyMHBpY3R1cmUtaW4tcGljdHVyZSUyMiUyMCUwQSUyMCUyMCUyMCUyMGFsbG93ZnVsbHNjcmVlbiUzRSUwQSUzQyUyRmlmcmFtZSUzRQ==[\/vc_raw_html][\/vc_column][\/vc_row][vc_row css_animation=&#8221;&#8221; row_type=&#8221;row&#8221; use_row_as_full_screen_section=&#8221;no&#8221; type=&#8221;full_width&#8221; angled_section=&#8221;no&#8221; text_align=&#8221;left&#8221; background_image_as_pattern=&#8221;without_pattern&#8221;][vc_column]<a  itemprop=\"url\" href=\"https:\/\/reuth.de\/en\/competencies\/moldmaking\/toolmaking-inquiry\/\" target=\"_self\"  class=\"qbutton  medium default\" style=\"\">Send Toolmaking Inquiry Now<\/a>[vc_separator type=&#8221;transparent&#8221; thickness=&#8221;25&#8243;][\/vc_column][\/vc_row]<\/p>\n<\/div>","protected":false},"excerpt":{"rendered":"<p>[vc_row css_animation=&#8221;&#8221; row_type=&#8221;row&#8221; use_row_as_full_screen_section=&#8221;no&#8221; type=&#8221;full_width&#8221; angled_section=&#8221;no&#8221; text_align=&#8221;left&#8221; background_image_as_pattern=&#8221;without_pattern&#8221;][vc_column][vc_column_text css=&#8221;.vc_custom_1690879675694{padding-top: 1rem !important;padding-bottom: 1rem !important;}&#8221;] Customized Injection Molding Tools &nbsp; We design and manufacture tailor-made injection molding mold precisely adapted to your requirements. &nbsp; Our end products are used in industries where the highest quality, precise fit,&#8230;<\/p>\n","protected":false},"author":3,"featured_media":0,"parent":3369,"menu_order":0,"comment_status":"closed","ping_status":"closed","template":"","meta":{"footnotes":""},"class_list":["post-3454","page","type-page","status-publish","hentry"],"yoast_head":"<!-- This site is optimized with the Yoast SEO Premium plugin v21.5 (Yoast SEO v27.4) - https:\/\/yoast.com\/product\/yoast-seo-premium-wordpress\/ -->\n<title>Moldmaking - Reuth GmbH<\/title>\n<meta name=\"description\" content=\"Reuth GmbH - Probleml\u00f6ser f\u00fcr anspruchsvolle Aufgaben im Werkzeugbau, Formen- &amp; Sondermaschinenbau. Die High Tech Fertigung z\u00e4hlt dabei zu den Kernkompetenzen.\" \/>\n<meta name=\"robots\" content=\"index, follow, max-snippet:-1, max-image-preview:large, max-video-preview:-1\" \/>\n<link rel=\"canonical\" href=\"https:\/\/reuth.de\/en\/competencies\/moldmaking\/\" \/>\n<meta property=\"og:locale\" content=\"en_US\" \/>\n<meta property=\"og:type\" content=\"article\" \/>\n<meta property=\"og:title\" content=\"Moldmaking\" \/>\n<meta property=\"og:description\" content=\"Reuth GmbH - Probleml\u00f6ser f\u00fcr anspruchsvolle Aufgaben im Werkzeugbau, Formen- &amp; Sondermaschinenbau. Die High Tech Fertigung z\u00e4hlt dabei zu den Kernkompetenzen.\" \/>\n<meta property=\"og:url\" content=\"https:\/\/reuth.de\/en\/competencies\/moldmaking\/\" \/>\n<meta property=\"og:site_name\" content=\"Reuth GmbH\" \/>\n<meta property=\"article:publisher\" content=\"https:\/\/www.facebook.com\/Reuth-GmbH-1007318092647062\/\" \/>\n<meta property=\"article:modified_time\" content=\"2025-09-29T10:05:01+00:00\" \/>\n<meta name=\"twitter:card\" content=\"summary_large_image\" \/>\n<meta name=\"twitter:label1\" content=\"Est. reading time\" \/>\n\t<meta name=\"twitter:data1\" content=\"1 minute\" \/>\n<script type=\"application\/ld+json\" class=\"yoast-schema-graph\">{\"@context\":\"https:\\\/\\\/schema.org\",\"@graph\":[{\"@type\":\"WebPage\",\"@id\":\"https:\\\/\\\/reuth.de\\\/en\\\/competencies\\\/moldmaking\\\/\",\"url\":\"https:\\\/\\\/reuth.de\\\/en\\\/competencies\\\/moldmaking\\\/\",\"name\":\"Moldmaking - Reuth GmbH\",\"isPartOf\":{\"@id\":\"https:\\\/\\\/reuth.de\\\/en\\\/#website\"},\"datePublished\":\"2020-02-26T12:23:38+00:00\",\"dateModified\":\"2025-09-29T10:05:01+00:00\",\"description\":\"Reuth GmbH - Probleml\u00f6ser f\u00fcr anspruchsvolle Aufgaben im Werkzeugbau, Formen- & Sondermaschinenbau. Die High Tech Fertigung z\u00e4hlt dabei zu den Kernkompetenzen.\",\"breadcrumb\":{\"@id\":\"https:\\\/\\\/reuth.de\\\/en\\\/competencies\\\/moldmaking\\\/#breadcrumb\"},\"inLanguage\":\"en-US\",\"potentialAction\":[{\"@type\":\"ReadAction\",\"target\":[\"https:\\\/\\\/reuth.de\\\/en\\\/competencies\\\/moldmaking\\\/\"]}]},{\"@type\":\"BreadcrumbList\",\"@id\":\"https:\\\/\\\/reuth.de\\\/en\\\/competencies\\\/moldmaking\\\/#breadcrumb\",\"itemListElement\":[{\"@type\":\"ListItem\",\"position\":1,\"name\":\"Home\",\"item\":\"https:\\\/\\\/reuth.de\\\/en\\\/\"},{\"@type\":\"ListItem\",\"position\":2,\"name\":\"Competencies\",\"item\":\"https:\\\/\\\/reuth.de\\\/en\\\/competencies\\\/\"},{\"@type\":\"ListItem\",\"position\":3,\"name\":\"Moldmaking\"}]},{\"@type\":\"WebSite\",\"@id\":\"https:\\\/\\\/reuth.de\\\/en\\\/#website\",\"url\":\"https:\\\/\\\/reuth.de\\\/en\\\/\",\"name\":\"Reuth GmbH\",\"description\":\"Toolmaking, Mechanical Engineering, Moldmaking\",\"publisher\":{\"@id\":\"https:\\\/\\\/reuth.de\\\/en\\\/#organization\"},\"potentialAction\":[{\"@type\":\"SearchAction\",\"target\":{\"@type\":\"EntryPoint\",\"urlTemplate\":\"https:\\\/\\\/reuth.de\\\/en\\\/?s={search_term_string}\"},\"query-input\":{\"@type\":\"PropertyValueSpecification\",\"valueRequired\":true,\"valueName\":\"search_term_string\"}}],\"inLanguage\":\"en-US\"},{\"@type\":\"Organization\",\"@id\":\"https:\\\/\\\/reuth.de\\\/en\\\/#organization\",\"name\":\"Reuth GmbH\",\"url\":\"https:\\\/\\\/reuth.de\\\/en\\\/\",\"logo\":{\"@type\":\"ImageObject\",\"inLanguage\":\"en-US\",\"@id\":\"https:\\\/\\\/reuth.de\\\/en\\\/#\\\/schema\\\/logo\\\/image\\\/\",\"url\":\"https:\\\/\\\/reuth.de\\\/wp-content\\\/uploads\\\/2018\\\/06\\\/reuth-logo_mobile.png\",\"contentUrl\":\"https:\\\/\\\/reuth.de\\\/wp-content\\\/uploads\\\/2018\\\/06\\\/reuth-logo_mobile.png\",\"width\":150,\"height\":31,\"caption\":\"Reuth GmbH\"},\"image\":{\"@id\":\"https:\\\/\\\/reuth.de\\\/en\\\/#\\\/schema\\\/logo\\\/image\\\/\"},\"sameAs\":[\"https:\\\/\\\/www.facebook.com\\\/Reuth-GmbH-1007318092647062\\\/\",\"https:\\\/\\\/instagram.com\\\/reuth_gmbh?utm_source=ig_profile_share&amp;amp;amp;igshid=1iv2ell34osed\"]}]}<\/script>\n<!-- \/ Yoast SEO Premium plugin. -->","yoast_head_json":{"title":"Moldmaking - Reuth GmbH","description":"Reuth GmbH - Probleml\u00f6ser f\u00fcr anspruchsvolle Aufgaben im Werkzeugbau, Formen- & Sondermaschinenbau. Die High Tech Fertigung z\u00e4hlt dabei zu den Kernkompetenzen.","robots":{"index":"index","follow":"follow","max-snippet":"max-snippet:-1","max-image-preview":"max-image-preview:large","max-video-preview":"max-video-preview:-1"},"canonical":"https:\/\/reuth.de\/en\/competencies\/moldmaking\/","og_locale":"en_US","og_type":"article","og_title":"Moldmaking","og_description":"Reuth GmbH - Probleml\u00f6ser f\u00fcr anspruchsvolle Aufgaben im Werkzeugbau, Formen- & Sondermaschinenbau. Die High Tech Fertigung z\u00e4hlt dabei zu den Kernkompetenzen.","og_url":"https:\/\/reuth.de\/en\/competencies\/moldmaking\/","og_site_name":"Reuth GmbH","article_publisher":"https:\/\/www.facebook.com\/Reuth-GmbH-1007318092647062\/","article_modified_time":"2025-09-29T10:05:01+00:00","twitter_card":"summary_large_image","twitter_misc":{"Est. reading time":"1 minute"},"schema":{"@context":"https:\/\/schema.org","@graph":[{"@type":"WebPage","@id":"https:\/\/reuth.de\/en\/competencies\/moldmaking\/","url":"https:\/\/reuth.de\/en\/competencies\/moldmaking\/","name":"Moldmaking - Reuth GmbH","isPartOf":{"@id":"https:\/\/reuth.de\/en\/#website"},"datePublished":"2020-02-26T12:23:38+00:00","dateModified":"2025-09-29T10:05:01+00:00","description":"Reuth GmbH - Probleml\u00f6ser f\u00fcr anspruchsvolle Aufgaben im Werkzeugbau, Formen- & Sondermaschinenbau. Die High Tech Fertigung z\u00e4hlt dabei zu den Kernkompetenzen.","breadcrumb":{"@id":"https:\/\/reuth.de\/en\/competencies\/moldmaking\/#breadcrumb"},"inLanguage":"en-US","potentialAction":[{"@type":"ReadAction","target":["https:\/\/reuth.de\/en\/competencies\/moldmaking\/"]}]},{"@type":"BreadcrumbList","@id":"https:\/\/reuth.de\/en\/competencies\/moldmaking\/#breadcrumb","itemListElement":[{"@type":"ListItem","position":1,"name":"Home","item":"https:\/\/reuth.de\/en\/"},{"@type":"ListItem","position":2,"name":"Competencies","item":"https:\/\/reuth.de\/en\/competencies\/"},{"@type":"ListItem","position":3,"name":"Moldmaking"}]},{"@type":"WebSite","@id":"https:\/\/reuth.de\/en\/#website","url":"https:\/\/reuth.de\/en\/","name":"Reuth GmbH","description":"Toolmaking, Mechanical Engineering, Moldmaking","publisher":{"@id":"https:\/\/reuth.de\/en\/#organization"},"potentialAction":[{"@type":"SearchAction","target":{"@type":"EntryPoint","urlTemplate":"https:\/\/reuth.de\/en\/?s={search_term_string}"},"query-input":{"@type":"PropertyValueSpecification","valueRequired":true,"valueName":"search_term_string"}}],"inLanguage":"en-US"},{"@type":"Organization","@id":"https:\/\/reuth.de\/en\/#organization","name":"Reuth GmbH","url":"https:\/\/reuth.de\/en\/","logo":{"@type":"ImageObject","inLanguage":"en-US","@id":"https:\/\/reuth.de\/en\/#\/schema\/logo\/image\/","url":"https:\/\/reuth.de\/wp-content\/uploads\/2018\/06\/reuth-logo_mobile.png","contentUrl":"https:\/\/reuth.de\/wp-content\/uploads\/2018\/06\/reuth-logo_mobile.png","width":150,"height":31,"caption":"Reuth GmbH"},"image":{"@id":"https:\/\/reuth.de\/en\/#\/schema\/logo\/image\/"},"sameAs":["https:\/\/www.facebook.com\/Reuth-GmbH-1007318092647062\/","https:\/\/instagram.com\/reuth_gmbh?utm_source=ig_profile_share&amp;amp;amp;igshid=1iv2ell34osed"]}]}},"_links":{"self":[{"href":"https:\/\/reuth.de\/en\/wp-json\/wp\/v2\/pages\/3454","targetHints":{"allow":["GET"]}}],"collection":[{"href":"https:\/\/reuth.de\/en\/wp-json\/wp\/v2\/pages"}],"about":[{"href":"https:\/\/reuth.de\/en\/wp-json\/wp\/v2\/types\/page"}],"author":[{"embeddable":true,"href":"https:\/\/reuth.de\/en\/wp-json\/wp\/v2\/users\/3"}],"replies":[{"embeddable":true,"href":"https:\/\/reuth.de\/en\/wp-json\/wp\/v2\/comments?post=3454"}],"version-history":[{"count":12,"href":"https:\/\/reuth.de\/en\/wp-json\/wp\/v2\/pages\/3454\/revisions"}],"predecessor-version":[{"id":3875,"href":"https:\/\/reuth.de\/en\/wp-json\/wp\/v2\/pages\/3454\/revisions\/3875"}],"up":[{"embeddable":true,"href":"https:\/\/reuth.de\/en\/wp-json\/wp\/v2\/pages\/3369"}],"wp:attachment":[{"href":"https:\/\/reuth.de\/en\/wp-json\/wp\/v2\/media?parent=3454"}],"curies":[{"name":"wp","href":"https:\/\/api.w.org\/{rel}","templated":true}]}}