{"id":3466,"date":"2020-02-26T14:11:37","date_gmt":"2020-02-26T13:11:37","guid":{"rendered":"https:\/\/reuth.de\/competencies\/toolmaking\/tools-with-hot-runner-systems\/"},"modified":"2025-03-18T15:19:50","modified_gmt":"2025-03-18T14:19:50","slug":"tools-with-hot-runner-systems","status":"publish","type":"page","link":"https:\/\/reuth.de\/en\/competencies\/moldmaking\/tools-with-hot-runner-systems\/","title":{"rendered":"Tools with hot runner systems"},"content":{"rendered":"<div class=\"wpb-content-wrapper\"><p>[vc_row css_animation=&#8221;&#8221; row_type=&#8221;row&#8221; use_row_as_full_screen_section=&#8221;no&#8221; type=&#8221;full_width&#8221; angled_section=&#8221;no&#8221; text_align=&#8221;left&#8221; background_image_as_pattern=&#8221;without_pattern&#8221; css=&#8221;.vc_custom_1586174801357{padding-top: 32px !important;}&#8221; z_index=&#8221;&#8221;][vc_column width=&#8221;1\/2&#8243;][vc_column_text css=&#8221;.vc_custom_1690879967179{padding-bottom: 1rem !important;}&#8221;]<\/p>\n<h2>Efficient Tools with Hot Runner Systems<\/h2>\n<p>&nbsp;<\/p>\n<p>Shorter Cycle Times and High Dimensional Accuracy with Hot Runner Tools<br \/>Reduced cycle times, less waste, and excellent dimensional precision\u2014these are just a few of the advantages that mold with hot runner systems offer. Whether using a conventional hot runner nozzle or an additional needle shut-off system, we understand the technical possibilities and implement them precisely according to your requirements.[\/vc_column_text][vc_column_text]<\/p>\n<h3>Complete Solutions for Hot Runner Systems from a Single Source<\/h3>\n<p>&nbsp;<\/p>\n<p>Do you need a comprehensive solution? We ensure that all elements, mold components, and the hot runner system are perfectly coordinated. This simplifies project planning, minimizes lead time, and reduces the number of trial runs.[\/vc_column_text][\/vc_column][vc_column width=&#8221;1\/2&#8243;][vc_single_image image=&#8221;1972&#8243; img_size=&#8221;large&#8221; qode_css_animation=&#8221;&#8221;][\/vc_column][\/vc_row][vc_row css_animation=&#8221;&#8221; row_type=&#8221;row&#8221; use_row_as_full_screen_section=&#8221;no&#8221; type=&#8221;full_width&#8221; angled_section=&#8221;no&#8221; text_align=&#8221;left&#8221; background_image_as_pattern=&#8221;without_pattern&#8221;][vc_column][vc_empty_space][vc_column_text]<\/p>\n<h2>Integration of All Common Hot Runner System Manufacturers<\/h2>\n<p>&nbsp;<\/p>\n<p>Do you have a preference for a specific hot runner system manufacturer? No problem\u2014we gladly integrate the desired systems. Alternatively, with our expertise, we can also provide recommendations. In any case, we offer you the most technically and economically efficient solution.[\/vc_column_text][vc_empty_space][\/vc_column][\/vc_row][vc_row css_animation=&#8221;&#8221; row_type=&#8221;row&#8221; use_row_as_full_screen_section=&#8221;no&#8221; type=&#8221;full_width&#8221; angled_section=&#8221;no&#8221; text_align=&#8221;left&#8221; background_image_as_pattern=&#8221;without_pattern&#8221;][vc_column][\/vc_column][\/vc_row]<\/p>\n<\/div>","protected":false},"excerpt":{"rendered":"<p>[vc_row css_animation=&#8221;&#8221; row_type=&#8221;row&#8221; use_row_as_full_screen_section=&#8221;no&#8221; type=&#8221;full_width&#8221; angled_section=&#8221;no&#8221; text_align=&#8221;left&#8221; background_image_as_pattern=&#8221;without_pattern&#8221; css=&#8221;.vc_custom_1586174801357{padding-top: 32px !important;}&#8221; z_index=&#8221;&#8221;][vc_column width=&#8221;1\/2&#8243;][vc_column_text css=&#8221;.vc_custom_1690879967179{padding-bottom: 1rem !important;}&#8221;] Efficient Tools with Hot Runner Systems &nbsp; Shorter Cycle Times and High Dimensional Accuracy with Hot Runner ToolsReduced cycle times, less waste, and excellent dimensional precision\u2014these are just a&#8230;<\/p>\n","protected":false},"author":3,"featured_media":0,"parent":3454,"menu_order":0,"comment_status":"closed","ping_status":"closed","template":"","meta":{"footnotes":""},"class_list":["post-3466","page","type-page","status-publish","hentry"],"yoast_head":"<!-- This site is optimized with the Yoast SEO Premium plugin v21.5 (Yoast SEO v27.5) - https:\/\/yoast.com\/product\/yoast-seo-premium-wordpress\/ -->\n<title>Tools with hot runner systems - Reuth GmbH<\/title>\n<meta name=\"description\" content=\"Reuth GmbH - Probleml\u00f6ser f\u00fcr anspruchsvolle Aufgaben im Werkzeugbau, Formen- &amp; Sondermaschinenbau. Die High Tech Fertigung z\u00e4hlt dabei zu den Kernkompetenzen.\" \/>\n<meta name=\"robots\" content=\"index, follow, max-snippet:-1, max-image-preview:large, max-video-preview:-1\" \/>\n<link rel=\"canonical\" href=\"https:\/\/reuth.de\/en\/competencies\/moldmaking\/tools-with-hot-runner-systems\/\" \/>\n<meta property=\"og:locale\" content=\"en_US\" \/>\n<meta property=\"og:type\" content=\"article\" \/>\n<meta property=\"og:title\" content=\"Tools with hot runner systems\" \/>\n<meta property=\"og:description\" content=\"Reuth GmbH - Probleml\u00f6ser f\u00fcr anspruchsvolle Aufgaben im Werkzeugbau, Formen- &amp; Sondermaschinenbau. Die High Tech Fertigung z\u00e4hlt dabei zu den Kernkompetenzen.\" \/>\n<meta property=\"og:url\" content=\"https:\/\/reuth.de\/en\/competencies\/moldmaking\/tools-with-hot-runner-systems\/\" \/>\n<meta property=\"og:site_name\" content=\"Reuth GmbH\" \/>\n<meta property=\"article:publisher\" content=\"https:\/\/www.facebook.com\/Reuth-GmbH-1007318092647062\/\" \/>\n<meta property=\"article:modified_time\" content=\"2025-03-18T14:19:50+00:00\" \/>\n<meta name=\"twitter:card\" content=\"summary_large_image\" \/>\n<meta name=\"twitter:label1\" content=\"Est. reading time\" \/>\n\t<meta name=\"twitter:data1\" content=\"2 minutes\" \/>\n<script type=\"application\/ld+json\" class=\"yoast-schema-graph\">{\"@context\":\"https:\\\/\\\/schema.org\",\"@graph\":[{\"@type\":\"WebPage\",\"@id\":\"https:\\\/\\\/reuth.de\\\/en\\\/competencies\\\/moldmaking\\\/tools-with-hot-runner-systems\\\/\",\"url\":\"https:\\\/\\\/reuth.de\\\/en\\\/competencies\\\/moldmaking\\\/tools-with-hot-runner-systems\\\/\",\"name\":\"Tools with hot runner systems - Reuth GmbH\",\"isPartOf\":{\"@id\":\"https:\\\/\\\/reuth.de\\\/en\\\/#website\"},\"datePublished\":\"2020-02-26T13:11:37+00:00\",\"dateModified\":\"2025-03-18T14:19:50+00:00\",\"description\":\"Reuth GmbH - Probleml\u00f6ser f\u00fcr anspruchsvolle Aufgaben im Werkzeugbau, Formen- & Sondermaschinenbau. Die High Tech Fertigung z\u00e4hlt dabei zu den Kernkompetenzen.\",\"breadcrumb\":{\"@id\":\"https:\\\/\\\/reuth.de\\\/en\\\/competencies\\\/moldmaking\\\/tools-with-hot-runner-systems\\\/#breadcrumb\"},\"inLanguage\":\"en-US\",\"potentialAction\":[{\"@type\":\"ReadAction\",\"target\":[\"https:\\\/\\\/reuth.de\\\/en\\\/competencies\\\/moldmaking\\\/tools-with-hot-runner-systems\\\/\"]}]},{\"@type\":\"BreadcrumbList\",\"@id\":\"https:\\\/\\\/reuth.de\\\/en\\\/competencies\\\/moldmaking\\\/tools-with-hot-runner-systems\\\/#breadcrumb\",\"itemListElement\":[{\"@type\":\"ListItem\",\"position\":1,\"name\":\"Home\",\"item\":\"https:\\\/\\\/reuth.de\\\/en\\\/\"},{\"@type\":\"ListItem\",\"position\":2,\"name\":\"Competencies\",\"item\":\"https:\\\/\\\/reuth.de\\\/en\\\/competencies\\\/\"},{\"@type\":\"ListItem\",\"position\":3,\"name\":\"Moldmaking\",\"item\":\"https:\\\/\\\/reuth.de\\\/en\\\/competencies\\\/moldmaking\\\/\"},{\"@type\":\"ListItem\",\"position\":4,\"name\":\"Tools with hot runner systems\"}]},{\"@type\":\"WebSite\",\"@id\":\"https:\\\/\\\/reuth.de\\\/en\\\/#website\",\"url\":\"https:\\\/\\\/reuth.de\\\/en\\\/\",\"name\":\"Reuth GmbH\",\"description\":\"Toolmaking, Mechanical Engineering, Moldmaking\",\"publisher\":{\"@id\":\"https:\\\/\\\/reuth.de\\\/en\\\/#organization\"},\"potentialAction\":[{\"@type\":\"SearchAction\",\"target\":{\"@type\":\"EntryPoint\",\"urlTemplate\":\"https:\\\/\\\/reuth.de\\\/en\\\/?s={search_term_string}\"},\"query-input\":{\"@type\":\"PropertyValueSpecification\",\"valueRequired\":true,\"valueName\":\"search_term_string\"}}],\"inLanguage\":\"en-US\"},{\"@type\":\"Organization\",\"@id\":\"https:\\\/\\\/reuth.de\\\/en\\\/#organization\",\"name\":\"Reuth GmbH\",\"url\":\"https:\\\/\\\/reuth.de\\\/en\\\/\",\"logo\":{\"@type\":\"ImageObject\",\"inLanguage\":\"en-US\",\"@id\":\"https:\\\/\\\/reuth.de\\\/en\\\/#\\\/schema\\\/logo\\\/image\\\/\",\"url\":\"https:\\\/\\\/reuth.de\\\/wp-content\\\/uploads\\\/2018\\\/06\\\/reuth-logo_mobile.png\",\"contentUrl\":\"https:\\\/\\\/reuth.de\\\/wp-content\\\/uploads\\\/2018\\\/06\\\/reuth-logo_mobile.png\",\"width\":150,\"height\":31,\"caption\":\"Reuth GmbH\"},\"image\":{\"@id\":\"https:\\\/\\\/reuth.de\\\/en\\\/#\\\/schema\\\/logo\\\/image\\\/\"},\"sameAs\":[\"https:\\\/\\\/www.facebook.com\\\/Reuth-GmbH-1007318092647062\\\/\",\"https:\\\/\\\/instagram.com\\\/reuth_gmbh?utm_source=ig_profile_share&amp;amp;amp;igshid=1iv2ell34osed\"]}]}<\/script>\n<!-- \/ Yoast SEO Premium plugin. -->","yoast_head_json":{"title":"Tools with hot runner systems - Reuth GmbH","description":"Reuth GmbH - Probleml\u00f6ser f\u00fcr anspruchsvolle Aufgaben im Werkzeugbau, Formen- & Sondermaschinenbau. Die High Tech Fertigung z\u00e4hlt dabei zu den Kernkompetenzen.","robots":{"index":"index","follow":"follow","max-snippet":"max-snippet:-1","max-image-preview":"max-image-preview:large","max-video-preview":"max-video-preview:-1"},"canonical":"https:\/\/reuth.de\/en\/competencies\/moldmaking\/tools-with-hot-runner-systems\/","og_locale":"en_US","og_type":"article","og_title":"Tools with hot runner systems","og_description":"Reuth GmbH - Probleml\u00f6ser f\u00fcr anspruchsvolle Aufgaben im Werkzeugbau, Formen- & Sondermaschinenbau. Die High Tech Fertigung z\u00e4hlt dabei zu den Kernkompetenzen.","og_url":"https:\/\/reuth.de\/en\/competencies\/moldmaking\/tools-with-hot-runner-systems\/","og_site_name":"Reuth GmbH","article_publisher":"https:\/\/www.facebook.com\/Reuth-GmbH-1007318092647062\/","article_modified_time":"2025-03-18T14:19:50+00:00","twitter_card":"summary_large_image","twitter_misc":{"Est. reading time":"2 minutes"},"schema":{"@context":"https:\/\/schema.org","@graph":[{"@type":"WebPage","@id":"https:\/\/reuth.de\/en\/competencies\/moldmaking\/tools-with-hot-runner-systems\/","url":"https:\/\/reuth.de\/en\/competencies\/moldmaking\/tools-with-hot-runner-systems\/","name":"Tools with hot runner systems - Reuth GmbH","isPartOf":{"@id":"https:\/\/reuth.de\/en\/#website"},"datePublished":"2020-02-26T13:11:37+00:00","dateModified":"2025-03-18T14:19:50+00:00","description":"Reuth GmbH - Probleml\u00f6ser f\u00fcr anspruchsvolle Aufgaben im Werkzeugbau, Formen- & Sondermaschinenbau. Die High Tech Fertigung z\u00e4hlt dabei zu den Kernkompetenzen.","breadcrumb":{"@id":"https:\/\/reuth.de\/en\/competencies\/moldmaking\/tools-with-hot-runner-systems\/#breadcrumb"},"inLanguage":"en-US","potentialAction":[{"@type":"ReadAction","target":["https:\/\/reuth.de\/en\/competencies\/moldmaking\/tools-with-hot-runner-systems\/"]}]},{"@type":"BreadcrumbList","@id":"https:\/\/reuth.de\/en\/competencies\/moldmaking\/tools-with-hot-runner-systems\/#breadcrumb","itemListElement":[{"@type":"ListItem","position":1,"name":"Home","item":"https:\/\/reuth.de\/en\/"},{"@type":"ListItem","position":2,"name":"Competencies","item":"https:\/\/reuth.de\/en\/competencies\/"},{"@type":"ListItem","position":3,"name":"Moldmaking","item":"https:\/\/reuth.de\/en\/competencies\/moldmaking\/"},{"@type":"ListItem","position":4,"name":"Tools with hot runner systems"}]},{"@type":"WebSite","@id":"https:\/\/reuth.de\/en\/#website","url":"https:\/\/reuth.de\/en\/","name":"Reuth GmbH","description":"Toolmaking, Mechanical Engineering, Moldmaking","publisher":{"@id":"https:\/\/reuth.de\/en\/#organization"},"potentialAction":[{"@type":"SearchAction","target":{"@type":"EntryPoint","urlTemplate":"https:\/\/reuth.de\/en\/?s={search_term_string}"},"query-input":{"@type":"PropertyValueSpecification","valueRequired":true,"valueName":"search_term_string"}}],"inLanguage":"en-US"},{"@type":"Organization","@id":"https:\/\/reuth.de\/en\/#organization","name":"Reuth GmbH","url":"https:\/\/reuth.de\/en\/","logo":{"@type":"ImageObject","inLanguage":"en-US","@id":"https:\/\/reuth.de\/en\/#\/schema\/logo\/image\/","url":"https:\/\/reuth.de\/wp-content\/uploads\/2018\/06\/reuth-logo_mobile.png","contentUrl":"https:\/\/reuth.de\/wp-content\/uploads\/2018\/06\/reuth-logo_mobile.png","width":150,"height":31,"caption":"Reuth GmbH"},"image":{"@id":"https:\/\/reuth.de\/en\/#\/schema\/logo\/image\/"},"sameAs":["https:\/\/www.facebook.com\/Reuth-GmbH-1007318092647062\/","https:\/\/instagram.com\/reuth_gmbh?utm_source=ig_profile_share&amp;amp;amp;igshid=1iv2ell34osed"]}]}},"_links":{"self":[{"href":"https:\/\/reuth.de\/en\/wp-json\/wp\/v2\/pages\/3466","targetHints":{"allow":["GET"]}}],"collection":[{"href":"https:\/\/reuth.de\/en\/wp-json\/wp\/v2\/pages"}],"about":[{"href":"https:\/\/reuth.de\/en\/wp-json\/wp\/v2\/types\/page"}],"author":[{"embeddable":true,"href":"https:\/\/reuth.de\/en\/wp-json\/wp\/v2\/users\/3"}],"replies":[{"embeddable":true,"href":"https:\/\/reuth.de\/en\/wp-json\/wp\/v2\/comments?post=3466"}],"version-history":[{"count":6,"href":"https:\/\/reuth.de\/en\/wp-json\/wp\/v2\/pages\/3466\/revisions"}],"predecessor-version":[{"id":3690,"href":"https:\/\/reuth.de\/en\/wp-json\/wp\/v2\/pages\/3466\/revisions\/3690"}],"up":[{"embeddable":true,"href":"https:\/\/reuth.de\/en\/wp-json\/wp\/v2\/pages\/3454"}],"wp:attachment":[{"href":"https:\/\/reuth.de\/en\/wp-json\/wp\/v2\/media?parent=3466"}],"curies":[{"name":"wp","href":"https:\/\/api.w.org\/{rel}","templated":true}]}}